{"id":112,"date":"2025-10-03T15:54:56","date_gmt":"2025-10-03T15:54:56","guid":{"rendered":"https:\/\/yunadesign.fr\/?page_id=112"},"modified":"2025-11-03T22:48:48","modified_gmt":"2025-11-03T22:48:48","slug":"logo","status":"publish","type":"page","link":"https:\/\/yunadesign.fr\/?page_id=112","title":{"rendered":"LOGO"},"content":{"rendered":"\n<p class=\"has-text-align-center has-tertiary-color has-text-color has-link-color wp-elements-eae28ee2e8ed8a37ffdd90dfcdb0aade\">\u25cf Cr\u00e9ation de logo \u25cf Refonte d&#8217;identit\u00e9 \u25cf D\u00e9clinaisons multi-supports \u25cf Monogrammes et logotypes \u25cf Pictogrammes et symboles \u25cf Mini-charte logo \u25cf<\/p>\n\n\n\n<div style=\"height:6px\" aria-hidden=\"true\" class=\"wp-block-spacer\"><\/div>\n\n\n\n<p class=\"has-text-align-center\">Un logo est bien plus qu&#8217;un symbole : c&#8217;est l&#8217;<strong>expression visuelle de votre identit\u00e9<\/strong> et la premi\u00e8re impression que vous laissez. Con\u00e7u avec soin, il traduit vos valeurs, votre positionnement et la personnalit\u00e9 unique de votre marque.<\/p>\n\n\n\n<p class=\"has-text-align-center\"><strong>YUNA DESIGN<\/strong> con\u00e7oit des logos sur mesure, pens\u00e9s pour allier esth\u00e9tisme, sens et coh\u00e9rence. Chaque projet est d\u00e9velopp\u00e9 selon vos objectifs et votre secteur, afin de garantir un <strong>r\u00e9sultat distinctif, durable et adapt\u00e9 \u00e0 tous vous supports<\/strong>.<\/p>\n\n\n\n<p class=\"has-text-align-center\">Notre d\u00e9marche repose sur une analyse approfondie de votre marque, une recherche graphique exigeante et une conception centr\u00e9e sur l&#8217;<strong>impact visuel<\/strong>.<\/p>\n\n\n\n<h2 class=\"wp-block-heading has-text-align-center\">Pour donner \u00e0 votre marque une image forte, identifiable et align\u00e9e avec votre vision.<\/h2>\n\n\n\n<div style=\"height:73px\" aria-hidden=\"true\" class=\"wp-block-spacer\"><\/div>\n\n\n\n<div class=\"wp-block-group alignfull portfolio-dark has-primary-background-color has-background has-global-padding is-layout-constrained wp-block-group-is-layout-constrained\" id=\"portfolio\" style=\"margin-top:0px\">\n<div class=\"wp-block-columns is-layout-flex wp-container-core-columns-is-layout-28f84493 wp-block-columns-is-layout-flex\">\n<div class=\"wp-block-column is-layout-flow wp-block-column-is-layout-flow\">\n<div style=\"height:33px\" aria-hidden=\"true\" class=\"wp-block-spacer\"><\/div>\n\n\n\n<h2 class=\"wp-block-heading has-white-color has-text-color has-link-color wp-elements-05ec89d58e17e26cfb4cc649ff23c3ef\" style=\"font-size:clamp(18.959px, 1.185rem + ((1vw - 3.2px) * 1.042), 30px);\">LOGO. <\/h2>\n\n\n\n<div style=\"height:33px\" aria-hidden=\"true\" class=\"wp-block-spacer\"><\/div>\n\n\n\n<p class=\"has-white-color has-text-color has-link-color wp-elements-41c6099e0cd0dd575b98f273d434b5d4\" style=\"margin-top:0;margin-bottom:0;font-size:clamp(14.082px, 0.88rem + ((1vw - 3.2px) * 0.653), 21px);font-style:normal;font-weight:900\"><strong>L<\/strong>umineux<\/p>\n\n\n\n<p class=\"has-white-color has-text-color has-link-color wp-elements-7befd70ea208099f9d892fb93c66a14e\" style=\"margin-top:0;margin-bottom:0;font-size:clamp(14px, 0.875rem + ((1vw - 3.2px) * 0.189), 16px);font-style:normal;font-weight:400\">Capte l&#8217;attention et r\u00e9v\u00e8le votre univers au premier regard.<\/p>\n\n\n\n<div style=\"height:12px\" aria-hidden=\"true\" class=\"wp-block-spacer\"><\/div>\n\n\n\n<p class=\"has-white-color has-text-color has-link-color wp-elements-43f691f836bde2ee066360c3731f1fd1\" style=\"margin-top:0;margin-bottom:0;font-size:clamp(14px, 0.875rem + ((1vw - 3.2px) * 0.566), 20px);font-style:normal;font-weight:900\">Original<\/p>\n\n\n\n<p class=\"has-white-color has-text-color has-link-color wp-elements-dc926b59d52108169d4336dee51f440c\" style=\"margin-top:0;margin-bottom:0;font-size:clamp(14px, 0.875rem + ((1vw - 3.2px) * 0.189), 16px);font-style:normal;font-weight:400\">Une cr\u00e9ation unique qui se d\u00e9marque et marque les esprits.<\/p>\n\n\n\n<div style=\"height:12px\" aria-hidden=\"true\" class=\"wp-block-spacer\"><\/div>\n\n\n\n<p class=\"has-white-color has-text-color has-link-color wp-elements-570438a8f3ec344b22eeec5edf4d0de7\" style=\"margin-top:0;margin-bottom:0;font-size:clamp(14px, 0.875rem + ((1vw - 3.2px) * 0.566), 20px);font-style:normal;font-weight:900\">Graphique<\/p>\n\n\n\n<p class=\"has-white-color has-text-color has-link-color wp-elements-4f8fbd46e60a0bf526cecc55ef9af885\" style=\"margin-top:0;margin-bottom:0;font-size:clamp(14px, 0.875rem + ((1vw - 3.2px) * 0.189), 16px);font-style:normal;font-weight:400\">Traduit vos id\u00e9es en formes, en rythme et en \u00e9quilibre visuel.<\/p>\n\n\n\n<div style=\"height:12px\" aria-hidden=\"true\" class=\"wp-block-spacer\"><\/div>\n\n\n\n<p class=\"has-white-color has-text-color has-link-color wp-elements-64562b05580c11c94b0b83a9e625551e\" style=\"margin-top:0;margin-bottom:0;font-size:clamp(14px, 0.875rem + ((1vw - 3.2px) * 0.566), 20px);font-style:normal;font-weight:900\">Optimis\u00e9<\/p>\n\n\n\n<p class=\"has-white-color has-text-color has-link-color wp-elements-bc91950669a0f20e1b26f9f56516b166\" style=\"margin-top:0;margin-bottom:0;font-size:clamp(14px, 0.875rem + ((1vw - 3.2px) * 0.189), 16px);font-style:normal;font-weight:400\">Un design pens\u00e9 pour durer et \u00e9voluer avec votre marque.<\/p>\n\n\n\n<div style=\"height:65px\" aria-hidden=\"true\" class=\"wp-block-spacer\"><\/div>\n<\/div>\n\n\n\n<div class=\"wp-block-column is-layout-flow wp-block-column-is-layout-flow\">\n<div style=\"height:52px\" aria-hidden=\"true\" class=\"wp-block-spacer\"><\/div>\n\n\n\n<div class=\"wp-block-columns is-layout-flex wp-container-core-columns-is-layout-28f84493 wp-block-columns-is-layout-flex\">\n<div class=\"wp-block-column is-layout-flow wp-block-column-is-layout-flow\">\n<figure class=\"wp-block-image aligncenter size-large is-resized animated bounceInRight slower\"><img loading=\"lazy\" decoding=\"async\" width=\"865\" height=\"1024\" src=\"https:\/\/yunadesign.fr\/wp-content\/uploads\/2025\/09\/cropped-LOGO_3-865x1024.png\" alt=\"\" class=\"wp-image-42\" style=\"width:265px;height:auto\" srcset=\"https:\/\/yunadesign.fr\/wp-content\/uploads\/2025\/09\/cropped-LOGO_3-865x1024.png 865w, https:\/\/yunadesign.fr\/wp-content\/uploads\/2025\/09\/cropped-LOGO_3-254x300.png 254w, https:\/\/yunadesign.fr\/wp-content\/uploads\/2025\/09\/cropped-LOGO_3-600x710.png 600w, https:\/\/yunadesign.fr\/wp-content\/uploads\/2025\/09\/cropped-LOGO_3.png 971w\" sizes=\"auto, (max-width: 865px) 100vw, 865px\" \/><\/figure>\n\n\n\n<div style=\"height:65px\" aria-hidden=\"true\" class=\"wp-block-spacer\"><\/div>\n<\/div>\n<\/div>\n<\/div>\n<\/div>\n<\/div>\n\n\n\n<div class=\"wp-block-cover alignfull is-light\" style=\"padding-top:50px;padding-right:50px;padding-bottom:50px;padding-left:50px;min-height:316px;aspect-ratio:unset;\"><video class=\"wp-block-cover__video-background intrinsic-ignore\" autoplay muted loop playsinline src=\"https:\/\/yunadesign.fr\/wp-content\/uploads\/2025\/09\/AdobeStock_1554478842.mov\" data-object-fit=\"cover\"><\/video><span aria-hidden=\"true\" class=\"wp-block-cover__background has-black-background-color has-background-dim\"><\/span><div class=\"wp-block-cover__inner-container is-layout-flow wp-block-cover-is-layout-flow\">\n<h2 class=\"wp-block-heading has-text-align-center has-text-color has-link-color wp-elements-a25bf590983c340b223ef9f46c27ced6\" style=\"color:#bb93e2;font-size:clamp(14.642px, 0.915rem + ((1vw - 3.2px) * 0.694), 22px);font-style:normal;font-weight:900\">VOUS SOUHAITEZ ECHANGER SUR UN PROJET ?<\/h2>\n\n\n\n<p class=\"has-text-align-center has-white-color has-text-color has-link-color wp-elements-b3522e3c2428cefb785cf43842735b75\" style=\"font-size:clamp(14px, 0.875rem + ((1vw - 3.2px) * 0.377), 18px);font-style:normal;font-weight:500\">Nous sommes \u00e0 votre \u00e9coute pour comprendre vos besoins, partager vos id\u00e9es et construire ensemble<br>une communication qui vous ressemble.<\/p>\n\n\n\n<div style=\"height:2px\" aria-hidden=\"true\" class=\"wp-block-spacer\"><\/div>\n\n\n<style id=\"wpforms-css-vars-317-block-becce844-bc6b-41c7-b31a-3aec2071f538\">\n\t\t\t\t#wpforms-317.wpforms-block-becce844-bc6b-41c7-b31a-3aec2071f538 {\n\t\t\t\t--wpforms-label-color: #ffffff;\n--wpforms-label-sublabel-color: #ffffff;\n--wpforms-field-border-color: rgba(0, 0, 0, 0.25);\n--wpforms-field-border-color-spare: rgba(0, 0, 0, 0.25);\n--wpforms-field-text-color: #000000;\n--wpforms-button-border-style: solid;\n--wpforms-button-background-color: #ffffff;\n--wpforms-button-text-color: #f9fafd;\n--wpforms-button-border-color: #ffffff;\n--wpforms-button-background-color-alt: #ffffff00;\n--wpforms-field-size-input-height: 43px;\n--wpforms-field-size-input-spacing: 15px;\n--wpforms-field-size-font-size: 16px;\n--wpforms-field-size-line-height: 19px;\n--wpforms-field-size-padding-h: 14px;\n--wpforms-field-size-checkbox-size: 16px;\n--wpforms-field-size-sublabel-spacing: 5px;\n--wpforms-field-size-icon-size: 1;\n--wpforms-label-size-font-size: 16px;\n--wpforms-label-size-line-height: 19px;\n--wpforms-label-size-sublabel-font-size: 14px;\n--wpforms-label-size-sublabel-line-height: 17px;\n--wpforms-button-size-font-size: 17px;\n--wpforms-button-size-height: 41px;\n--wpforms-button-size-padding-h: 15px;\n--wpforms-button-size-margin-top: 10px;\n\t\t\t}\n\t\t\t<\/style><div class=\"wpforms-container wpforms-container-full wpforms-block wpforms-block-becce844-bc6b-41c7-b31a-3aec2071f538 wpforms-render-modern\" id=\"wpforms-317\"><form id=\"wpforms-form-317\" class=\"wpforms-validate wpforms-form wpforms-ajax-form\" data-formid=\"317\" method=\"post\" enctype=\"multipart\/form-data\" action=\"\/index.php?rest_route=%2Fwp%2Fv2%2Fpages%2F112\" data-token=\"e244795f6f4d6a11de166db77bcdf084\" data-token-time=\"1776034588\"><noscript class=\"wpforms-error-noscript\">Please enable JavaScript in your browser to complete this form.<\/noscript><div id=\"wpforms-error-noscript\" style=\"display: none;\">Please enable JavaScript in your browser to complete this form.<\/div><div class=\"wpforms-field-container\"><div id=\"wpforms-317-field_1-container\" class=\"wpforms-field wpforms-field-name\" data-field-id=\"1\"><fieldset><legend class=\"wpforms-field-label\">Nom <span class=\"wpforms-required-label\" aria-hidden=\"true\">*<\/span><\/legend><div class=\"wpforms-field-row wpforms-field-medium\"><div class=\"wpforms-field-row-block wpforms-first wpforms-one-half\"><input type=\"text\" id=\"wpforms-317-field_1\" class=\"wpforms-field-name-first wpforms-field-required\" name=\"wpforms[fields][1][first]\" aria-errormessage=\"wpforms-317-field_1-error\" required><label for=\"wpforms-317-field_1\" class=\"wpforms-field-sublabel after\">First<\/label><\/div><div class=\"wpforms-field-row-block wpforms-one-half\"><input type=\"text\" id=\"wpforms-317-field_1-last\" class=\"wpforms-field-name-last wpforms-field-required\" name=\"wpforms[fields][1][last]\" aria-errormessage=\"wpforms-317-field_1-last-error\" required><label for=\"wpforms-317-field_1-last\" class=\"wpforms-field-sublabel after\">Last<\/label><\/div><\/div><\/fieldset><\/div><div id=\"wpforms-317-field_2-container\" class=\"wpforms-field wpforms-field-email\" data-field-id=\"2\"><label class=\"wpforms-field-label\" for=\"wpforms-317-field_2\">E-mail <span class=\"wpforms-required-label\" aria-hidden=\"true\">*<\/span><\/label><input type=\"email\" id=\"wpforms-317-field_2\" class=\"wpforms-field-medium wpforms-field-required\" name=\"wpforms[fields][2]\" spellcheck=\"false\" aria-errormessage=\"wpforms-317-field_2-error\" required><\/div><div id=\"wpforms-317-field_4-container\" class=\"wpforms-field wpforms-field-text\" data-field-id=\"4\"><label class=\"wpforms-field-label\" for=\"wpforms-317-field_4\">Objet <span class=\"wpforms-required-label\" aria-hidden=\"true\">*<\/span><\/label><input type=\"text\" id=\"wpforms-317-field_4\" class=\"wpforms-field-medium wpforms-field-required\" name=\"wpforms[fields][4]\" aria-errormessage=\"wpforms-317-field_4-error\" required><\/div>\t\t<div id=\"wpforms-317-field_5-container\"\n\t\t\tclass=\"wpforms-field wpforms-field-text\"\n\t\t\tdata-field-type=\"text\"\n\t\t\tdata-field-id=\"5\"\n\t\t\t>\n\t\t\t<label class=\"wpforms-field-label\" for=\"wpforms-317-field_5\" >Objet E-mail Message<\/label>\n\t\t\t<input type=\"text\" id=\"wpforms-317-field_5\" class=\"wpforms-field-medium\" name=\"wpforms[fields][5]\" >\n\t\t<\/div>\n\t\t<div id=\"wpforms-317-field_3-container\" class=\"wpforms-field wpforms-field-textarea\" data-field-id=\"3\"><label class=\"wpforms-field-label\" for=\"wpforms-317-field_3\">Message <span class=\"wpforms-required-label\" aria-hidden=\"true\">*<\/span><\/label><textarea id=\"wpforms-317-field_3\" class=\"wpforms-field-medium wpforms-field-required\" name=\"wpforms[fields][3]\" aria-errormessage=\"wpforms-317-field_3-error\" required><\/textarea><\/div><script>\n\t\t\t\t( function() {\n\t\t\t\t\tconst style = document.createElement( 'style' );\n\t\t\t\t\tstyle.appendChild( document.createTextNode( '#wpforms-317-field_5-container { position: absolute !important; overflow: hidden !important; display: inline !important; height: 1px !important; width: 1px !important; z-index: -1000 !important; padding: 0 !important; } #wpforms-317-field_5-container input { visibility: hidden; } #wpforms-conversational-form-page #wpforms-317-field_5-container label { counter-increment: none; }' ) );\n\t\t\t\t\tdocument.head.appendChild( style );\n\t\t\t\t\tdocument.currentScript?.remove();\n\t\t\t\t} )();\n\t\t\t<\/script><\/div><!-- .wpforms-field-container --><div class=\"wpforms-submit-container\" ><input type=\"hidden\" name=\"wpforms[id]\" value=\"317\"><input type=\"hidden\" name=\"page_title\" value=\"\"><input type=\"hidden\" name=\"page_url\" value=\"https:\/\/yunadesign.fr\/index.php?rest_route=\/wp\/v2\/pages\/112\"><input type=\"hidden\" name=\"url_referer\" value=\"\"><button type=\"submit\" name=\"wpforms[submit]\" id=\"wpforms-submit-317\" class=\"wpforms-submit\" data-alt-text=\"Envoi...\" data-submit-text=\"Envoyer\" aria-live=\"assertive\" value=\"wpforms-submit\">Envoyer<\/button><img loading=\"lazy\" decoding=\"async\" src=\"https:\/\/yunadesign.fr\/wp-content\/plugins\/wpforms-lite\/assets\/images\/submit-spin.svg\" class=\"wpforms-submit-spinner\" style=\"display: none;\" width=\"26\" height=\"26\" alt=\"Loading\"><\/div><\/form><\/div>  <!-- .wpforms-container --><\/div><\/div>\n","protected":false},"excerpt":{"rendered":"<p>\u25cf Cr\u00e9ation de logo \u25cf Refonte d&#8217;identit\u00e9 \u25cf D\u00e9clinaisons multi-supports \u25cf Monogrammes et logotypes \u25cf Pictogrammes et symboles \u25cf Mini-charte logo \u25cf Un logo est bien plus qu&#8217;un symbole : c&#8217;est l&#8217;expression visuelle de votre identit\u00e9 et la premi\u00e8re impression que vous laissez. Con\u00e7u avec soin, il traduit vos valeurs, votre positionnement et la personnalit\u00e9 &hellip; <\/p>\n<p class=\"link-more\"><a href=\"https:\/\/yunadesign.fr\/?page_id=112\" class=\"more-link\">Read more<span class=\"screen-reader-text\"> &#8220;LOGO&#8221;<\/span><\/a><\/p>\n","protected":false},"author":1,"featured_media":386,"parent":0,"menu_order":0,"comment_status":"closed","ping_status":"closed","template":"","meta":{"footnotes":""},"class_list":["post-112","page","type-page","status-publish","has-post-thumbnail","hentry"],"featured_media_urls":{"thumbnail":["https:\/\/yunadesign.fr\/wp-content\/uploads\/2025\/10\/ChatGPT-Image-16-oct.-2025-18_03_00-150x150.png",150,150,true],"medium":["https:\/\/yunadesign.fr\/wp-content\/uploads\/2025\/10\/ChatGPT-Image-16-oct.-2025-18_03_00-300x200.png",300,200,true],"medium_large":["https:\/\/yunadesign.fr\/wp-content\/uploads\/2025\/10\/ChatGPT-Image-16-oct.-2025-18_03_00.png",768,512,false],"large":["https:\/\/yunadesign.fr\/wp-content\/uploads\/2025\/10\/ChatGPT-Image-16-oct.-2025-18_03_00-1024x683.png",950,634,true],"1536x1536":["https:\/\/yunadesign.fr\/wp-content\/uploads\/2025\/10\/ChatGPT-Image-16-oct.-2025-18_03_00.png",1536,1024,false],"2048x2048":["https:\/\/yunadesign.fr\/wp-content\/uploads\/2025\/10\/ChatGPT-Image-16-oct.-2025-18_03_00.png",1536,1024,false],"inspiro-featured-image":["https:\/\/yunadesign.fr\/wp-content\/uploads\/2025\/10\/ChatGPT-Image-16-oct.-2025-18_03_00.png",1536,1024,false],"inspiro-loop":["https:\/\/yunadesign.fr\/wp-content\/uploads\/2025\/10\/ChatGPT-Image-16-oct.-2025-18_03_00-950x320.png",950,320,true],"inspiro-loop@2x":["https:\/\/yunadesign.fr\/wp-content\/uploads\/2025\/10\/ChatGPT-Image-16-oct.-2025-18_03_00-1536x640.png",1536,640,true],"portfolio_item-thumbnail":["https:\/\/yunadesign.fr\/wp-content\/uploads\/2025\/10\/ChatGPT-Image-16-oct.-2025-18_03_00-600x400.png",600,400,true],"portfolio_item-thumbnail@2x":["https:\/\/yunadesign.fr\/wp-content\/uploads\/2025\/10\/ChatGPT-Image-16-oct.-2025-18_03_00-1200x800.png",1200,800,true],"portfolio_item-masonry":["https:\/\/yunadesign.fr\/wp-content\/uploads\/2025\/10\/ChatGPT-Image-16-oct.-2025-18_03_00-600x400.png",600,400,true],"portfolio_item-masonry@2x":["https:\/\/yunadesign.fr\/wp-content\/uploads\/2025\/10\/ChatGPT-Image-16-oct.-2025-18_03_00-1200x800.png",1200,800,true],"portfolio_item-thumbnail_cinema":["https:\/\/yunadesign.fr\/wp-content\/uploads\/2025\/10\/ChatGPT-Image-16-oct.-2025-18_03_00-800x335.png",800,335,true],"portfolio_item-thumbnail_portrait":["https:\/\/yunadesign.fr\/wp-content\/uploads\/2025\/10\/ChatGPT-Image-16-oct.-2025-18_03_00-600x900.png",600,900,true],"portfolio_item-thumbnail_portrait@2x":["https:\/\/yunadesign.fr\/wp-content\/uploads\/2025\/10\/ChatGPT-Image-16-oct.-2025-18_03_00-1200x1024.png",1200,1024,true],"portfolio_item-thumbnail_square":["https:\/\/yunadesign.fr\/wp-content\/uploads\/2025\/10\/ChatGPT-Image-16-oct.-2025-18_03_00-800x800.png",800,800,true]},"_links":{"self":[{"href":"https:\/\/yunadesign.fr\/index.php?rest_route=\/wp\/v2\/pages\/112","targetHints":{"allow":["GET"]}}],"collection":[{"href":"https:\/\/yunadesign.fr\/index.php?rest_route=\/wp\/v2\/pages"}],"about":[{"href":"https:\/\/yunadesign.fr\/index.php?rest_route=\/wp\/v2\/types\/page"}],"author":[{"embeddable":true,"href":"https:\/\/yunadesign.fr\/index.php?rest_route=\/wp\/v2\/users\/1"}],"replies":[{"embeddable":true,"href":"https:\/\/yunadesign.fr\/index.php?rest_route=%2Fwp%2Fv2%2Fcomments&post=112"}],"version-history":[{"count":36,"href":"https:\/\/yunadesign.fr\/index.php?rest_route=\/wp\/v2\/pages\/112\/revisions"}],"predecessor-version":[{"id":491,"href":"https:\/\/yunadesign.fr\/index.php?rest_route=\/wp\/v2\/pages\/112\/revisions\/491"}],"wp:featuredmedia":[{"embeddable":true,"href":"https:\/\/yunadesign.fr\/index.php?rest_route=\/wp\/v2\/media\/386"}],"wp:attachment":[{"href":"https:\/\/yunadesign.fr\/index.php?rest_route=%2Fwp%2Fv2%2Fmedia&parent=112"}],"curies":[{"name":"wp","href":"https:\/\/api.w.org\/{rel}","templated":true}]}}