{"id":113,"date":"2025-10-03T15:54:56","date_gmt":"2025-10-03T15:54:56","guid":{"rendered":"https:\/\/yunadesign.fr\/?page_id=113"},"modified":"2025-10-20T19:20:27","modified_gmt":"2025-10-20T19:20:27","slug":"strategie-marketing","status":"publish","type":"page","link":"https:\/\/yunadesign.fr\/?page_id=113","title":{"rendered":"STRATEGIE MARKETING"},"content":{"rendered":"\n<p class=\"has-text-align-center has-tertiary-color has-text-color has-link-color wp-elements-d83b338b0b6a0502f4699f279dc1b31c\">\u25cf Strat\u00e9gie de communication \u25cf Positionnement de marque \u25cf Plan marketing sur-mesure \u25cf Planning \u00e9ditorial \u25cf Lancement de campagne \u25cf Analyse et suivi des performances<\/p>\n\n\n\n<div style=\"height:6px\" aria-hidden=\"true\" class=\"wp-block-spacer\"><\/div>\n\n\n\n<p class=\"has-text-align-center\">La strat\u00e9gie marketing est le point de d\u00e9part de toute communication r\u00e9ussie. Elle <strong>d\u00e9finit qui vous \u00eates<\/strong>, <strong>\u00e0 qui vous vous adressez<\/strong>, et <strong>comment faire passer le bon message au bon moment via les bons canaux<\/strong>. C&#8217;est elle qui donne du sens \u00e0 vos actions, structure votre pr\u00e9sence et transforme vos efforts en r\u00e9sultats concrets.<\/p>\n\n\n\n<p class=\"has-text-align-center\">Une strat\u00e9gie bien pens\u00e9e permet d&#8217;<strong>attirer les bons clients<\/strong>, de <strong>valoriser votre image<\/strong> et d&#8217;<strong>optimiser votre budget<\/strong> de communication. Elle ne se limite pas \u00e0 un plan : c&#8217;est une vision globale, construite autours de vos objectifs, de votre march\u00e9 et de vos valeurs.<\/p>\n\n\n\n<p class=\"has-text-align-center\"><strong>YUNA DESIGN<\/strong> \u00e9labore des strat\u00e9gies sur mesure, m\u00ealant <strong>analyse, cr\u00e9ativit\u00e9 et performance<\/strong>. Nous \u00e9tudions votre positionnement, planifions et d\u00e9veloppons des outils adapt\u00e9 : du calendrier \u00e9ditorial aux campagnes de communications, en passant par l&#8217;optimisation de votre pr\u00e9sence en ligne.<\/p>\n\n\n\n<p class=\"has-text-align-center\">Notre mission ? <strong>Vous aider \u00e0 prendre les bonnes d\u00e9cisions, gagner en visibilit\u00e9<\/strong> et<\/p>\n\n\n\n<h2 class=\"wp-block-heading has-text-align-center\">Faire de votre communication un vrai levier de croissance.<\/h2>\n\n\n\n<div style=\"height:85px\" aria-hidden=\"true\" class=\"wp-block-spacer\"><\/div>\n\n\n\n<div class=\"wp-block-cover alignfull has-parallax is-position-center-center\" style=\"border-radius:0px\"><div class=\"wp-block-cover__image-background wp-image-435 size-large has-parallax\" style=\"background-position:50% 50%;background-image:url(https:\/\/yunadesign.fr\/wp-content\/uploads\/2025\/10\/PAGE-STRATEGIE-1024x683.png)\"><\/div><span aria-hidden=\"true\" class=\"wp-block-cover__background has-background-dim-40 has-background-dim\"><\/span><div class=\"wp-block-cover__inner-container is-layout-flow wp-block-cover-is-layout-flow\">\n<div style=\"height:22px\" aria-hidden=\"true\" class=\"wp-block-spacer\"><\/div>\n\n\n\n<div class=\"wp-block-group has-global-padding is-layout-constrained wp-block-group-is-layout-constrained\">\n<h1 class=\"wp-block-heading has-text-align-center has-text-color\" style=\"color:#fffffa;font-size:clamp(18.959px, 1.185rem + ((1vw - 3.2px) * 1.042), 30px);text-transform:uppercase\">UNE BONNE STRATEGIE MARKETING APPORTE <\/h1>\n\n\n\n<div style=\"height:31px\" aria-hidden=\"true\" class=\"wp-block-spacer\"><\/div>\n\n\n\n<div class=\"wp-block-columns is-layout-flex wp-container-core-columns-is-layout-28f84493 wp-block-columns-is-layout-flex\">\n<div class=\"wp-block-column animated backInLeft o-anim-custom-speed o-anim-value-speed-1.5s is-layout-flow wp-block-column-is-layout-flow\">\n<figure class=\"wp-block-image aligncenter size-full is-resized\"><img loading=\"lazy\" decoding=\"async\" width=\"662\" height=\"803\" src=\"https:\/\/yunadesign.fr\/wp-content\/uploads\/2025\/10\/VISION-CLAIRE_2.webp\" alt=\"\" class=\"wp-image-428\" style=\"width:99px;height:auto\" srcset=\"https:\/\/yunadesign.fr\/wp-content\/uploads\/2025\/10\/VISION-CLAIRE_2.webp 662w, https:\/\/yunadesign.fr\/wp-content\/uploads\/2025\/10\/VISION-CLAIRE_2-247x300.webp 247w\" sizes=\"auto, (max-width: 662px) 100vw, 662px\" \/><\/figure>\n\n\n\n<p class=\"has-text-align-center\"><strong>UNE VISION CLAIRE ET COHERENTE<br><\/strong>Donner du sens \u00e0 vos actions et une direction \u00e0 votre marque.<\/p>\n<\/div>\n\n\n\n<div class=\"wp-block-column animated backInUp o-anim-custom-speed o-anim-value-speed-1.5s is-layout-flow wp-block-column-is-layout-flow\">\n<figure class=\"wp-block-image aligncenter size-full is-resized\"><img loading=\"lazy\" decoding=\"async\" width=\"766\" height=\"677\" src=\"https:\/\/yunadesign.fr\/wp-content\/uploads\/2025\/10\/ACTION-CIBLEES.webp\" alt=\"\" class=\"wp-image-423\" style=\"width:136px;height:auto\" srcset=\"https:\/\/yunadesign.fr\/wp-content\/uploads\/2025\/10\/ACTION-CIBLEES.webp 766w, https:\/\/yunadesign.fr\/wp-content\/uploads\/2025\/10\/ACTION-CIBLEES-300x265.webp 300w\" sizes=\"auto, (max-width: 766px) 100vw, 766px\" \/><\/figure>\n\n\n\n<p class=\"has-text-align-center\"><strong>DES ACTIONS CIBLEES ET EFFICACES<\/strong><br>Chaque d\u00e9cision compte : atteindre mieux, d\u00e9penser moins.<\/p>\n<\/div>\n\n\n\n<div class=\"wp-block-column animated backInRight o-anim-custom-speed o-anim-value-speed-1.5s is-layout-flow wp-block-column-is-layout-flow\">\n<figure class=\"wp-block-image aligncenter size-full is-resized\"><img loading=\"lazy\" decoding=\"async\" width=\"641\" height=\"637\" src=\"https:\/\/yunadesign.fr\/wp-content\/uploads\/2025\/10\/CROISSANCE-DURABLE.webp\" alt=\"\" class=\"wp-image-424\" style=\"width:121px;height:auto\" srcset=\"https:\/\/yunadesign.fr\/wp-content\/uploads\/2025\/10\/CROISSANCE-DURABLE.webp 641w, https:\/\/yunadesign.fr\/wp-content\/uploads\/2025\/10\/CROISSANCE-DURABLE-300x298.webp 300w, https:\/\/yunadesign.fr\/wp-content\/uploads\/2025\/10\/CROISSANCE-DURABLE-150x150.webp 150w\" sizes=\"auto, (max-width: 641px) 100vw, 641px\" \/><\/figure>\n\n\n\n<p class=\"has-text-align-center\"><strong>UNE CROISSANCE DURABLE<\/strong><br>Construire une image forte et des r\u00e9sultats qui durent.<\/p>\n<\/div>\n<\/div>\n\n\n\n<div style=\"height:26px\" aria-hidden=\"true\" class=\"wp-block-spacer\"><\/div>\n\n\n\n<p class=\"has-text-align-center\" style=\"margin-top:0;margin-right:0;margin-bottom:0;margin-left:0;font-size:clamp(18.434px, 1.152rem + ((1vw - 3.2px) * 0.997), 29px);\"><strong>EN BREF : c&#8217;est faire les bons choix, pour maximiser vos r\u00e9sultats.<\/strong><\/p>\n\n\n\n<p class=\"has-text-align-center\" style=\"margin-top:0;margin-right:0;margin-bottom:0;margin-left:0;font-size:clamp(14px, 0.875rem + ((1vw - 3.2px) * 0.094), 15px);\">(Et on est l\u00e0 pour \u00e7a)<\/p>\n\n\n\n<div style=\"height:34px\" aria-hidden=\"true\" class=\"wp-block-spacer\"><\/div>\n<\/div>\n<\/div><\/div>\n\n\n\n<div class=\"wp-block-cover alignfull is-light\" style=\"padding-top:50px;padding-right:50px;padding-bottom:50px;padding-left:50px;min-height:316px;aspect-ratio:unset;\"><video class=\"wp-block-cover__video-background intrinsic-ignore\" autoplay muted loop playsinline src=\"https:\/\/yunadesign.fr\/wp-content\/uploads\/2025\/09\/AdobeStock_1554478842.mov\" style=\"object-position:51% 50%\" data-object-fit=\"cover\" data-object-position=\"51% 50%\"><\/video><span aria-hidden=\"true\" class=\"wp-block-cover__background has-black-background-color has-background-dim\"><\/span><div class=\"wp-block-cover__inner-container is-layout-flow wp-block-cover-is-layout-flow\">\n<h2 class=\"wp-block-heading has-text-align-center has-text-color has-link-color wp-elements-a25bf590983c340b223ef9f46c27ced6\" style=\"color:#bb93e2;font-size:clamp(14.642px, 0.915rem + ((1vw - 3.2px) * 0.694), 22px);font-style:normal;font-weight:900\">VOUS SOUHAITEZ ECHANGER SUR UN PROJET ?<\/h2>\n\n\n\n<p class=\"has-text-align-center has-white-color has-text-color has-link-color wp-elements-b3522e3c2428cefb785cf43842735b75\" style=\"font-size:clamp(14px, 0.875rem + ((1vw - 3.2px) * 0.377), 18px);font-style:normal;font-weight:500\">Nous sommes \u00e0 votre \u00e9coute pour comprendre vos besoins, partager vos id\u00e9es et construire ensemble<br>une communication qui vous ressemble.<\/p>\n\n\n\n<div style=\"height:2px\" aria-hidden=\"true\" class=\"wp-block-spacer\"><\/div>\n\n\n<style id=\"wpforms-css-vars-317-block-becce844-bc6b-41c7-b31a-3aec2071f538\">\n\t\t\t\t#wpforms-317.wpforms-block-becce844-bc6b-41c7-b31a-3aec2071f538 {\n\t\t\t\t--wpforms-label-color: #ffffff;\n--wpforms-label-sublabel-color: #ffffff;\n--wpforms-field-border-color: rgba(0, 0, 0, 0.25);\n--wpforms-field-border-color-spare: rgba(0, 0, 0, 0.25);\n--wpforms-field-text-color: #000000;\n--wpforms-button-border-style: solid;\n--wpforms-button-background-color: #ffffff;\n--wpforms-button-text-color: #f9fafd;\n--wpforms-button-border-color: #ffffff;\n--wpforms-button-background-color-alt: #ffffff00;\n--wpforms-field-size-input-height: 43px;\n--wpforms-field-size-input-spacing: 15px;\n--wpforms-field-size-font-size: 16px;\n--wpforms-field-size-line-height: 19px;\n--wpforms-field-size-padding-h: 14px;\n--wpforms-field-size-checkbox-size: 16px;\n--wpforms-field-size-sublabel-spacing: 5px;\n--wpforms-field-size-icon-size: 1;\n--wpforms-label-size-font-size: 16px;\n--wpforms-label-size-line-height: 19px;\n--wpforms-label-size-sublabel-font-size: 14px;\n--wpforms-label-size-sublabel-line-height: 17px;\n--wpforms-button-size-font-size: 17px;\n--wpforms-button-size-height: 41px;\n--wpforms-button-size-padding-h: 15px;\n--wpforms-button-size-margin-top: 10px;\n\t\t\t}\n\t\t\t<\/style><div class=\"wpforms-container wpforms-container-full wpforms-block wpforms-block-becce844-bc6b-41c7-b31a-3aec2071f538 wpforms-render-modern\" id=\"wpforms-317\"><form id=\"wpforms-form-317\" class=\"wpforms-validate wpforms-form wpforms-ajax-form\" data-formid=\"317\" method=\"post\" enctype=\"multipart\/form-data\" action=\"\/index.php?rest_route=%2Fwp%2Fv2%2Fpages%2F113\" data-token=\"e244795f6f4d6a11de166db77bcdf084\" data-token-time=\"1776035213\"><noscript class=\"wpforms-error-noscript\">Please enable JavaScript in your browser to complete this form.<\/noscript><div id=\"wpforms-error-noscript\" style=\"display: none;\">Please enable JavaScript in your browser to complete this form.<\/div><div class=\"wpforms-field-container\"><div id=\"wpforms-317-field_1-container\" class=\"wpforms-field wpforms-field-name\" data-field-id=\"1\"><fieldset><legend class=\"wpforms-field-label\">Nom <span class=\"wpforms-required-label\" aria-hidden=\"true\">*<\/span><\/legend><div class=\"wpforms-field-row wpforms-field-medium\"><div class=\"wpforms-field-row-block wpforms-first wpforms-one-half\"><input type=\"text\" id=\"wpforms-317-field_1\" class=\"wpforms-field-name-first wpforms-field-required\" name=\"wpforms[fields][1][first]\" aria-errormessage=\"wpforms-317-field_1-error\" required><label for=\"wpforms-317-field_1\" class=\"wpforms-field-sublabel after\">First<\/label><\/div><div class=\"wpforms-field-row-block wpforms-one-half\"><input type=\"text\" id=\"wpforms-317-field_1-last\" class=\"wpforms-field-name-last wpforms-field-required\" name=\"wpforms[fields][1][last]\" aria-errormessage=\"wpforms-317-field_1-last-error\" required><label for=\"wpforms-317-field_1-last\" class=\"wpforms-field-sublabel after\">Last<\/label><\/div><\/div><\/fieldset><\/div><div id=\"wpforms-317-field_2-container\" class=\"wpforms-field wpforms-field-email\" data-field-id=\"2\"><label class=\"wpforms-field-label\" for=\"wpforms-317-field_2\">E-mail <span class=\"wpforms-required-label\" aria-hidden=\"true\">*<\/span><\/label><input type=\"email\" id=\"wpforms-317-field_2\" class=\"wpforms-field-medium wpforms-field-required\" name=\"wpforms[fields][2]\" spellcheck=\"false\" aria-errormessage=\"wpforms-317-field_2-error\" required><\/div>\t\t<div id=\"wpforms-317-field_5-container\"\n\t\t\tclass=\"wpforms-field wpforms-field-text\"\n\t\t\tdata-field-type=\"text\"\n\t\t\tdata-field-id=\"5\"\n\t\t\t>\n\t\t\t<label class=\"wpforms-field-label\" for=\"wpforms-317-field_5\" >Nom Objet E-mail<\/label>\n\t\t\t<input type=\"text\" id=\"wpforms-317-field_5\" class=\"wpforms-field-medium\" name=\"wpforms[fields][5]\" >\n\t\t<\/div>\n\t\t<div id=\"wpforms-317-field_4-container\" class=\"wpforms-field wpforms-field-text\" data-field-id=\"4\"><label class=\"wpforms-field-label\" for=\"wpforms-317-field_4\">Objet <span class=\"wpforms-required-label\" aria-hidden=\"true\">*<\/span><\/label><input type=\"text\" id=\"wpforms-317-field_4\" class=\"wpforms-field-medium wpforms-field-required\" name=\"wpforms[fields][4]\" aria-errormessage=\"wpforms-317-field_4-error\" required><\/div><div id=\"wpforms-317-field_3-container\" class=\"wpforms-field wpforms-field-textarea\" data-field-id=\"3\"><label class=\"wpforms-field-label\" for=\"wpforms-317-field_3\">Message <span class=\"wpforms-required-label\" aria-hidden=\"true\">*<\/span><\/label><textarea id=\"wpforms-317-field_3\" class=\"wpforms-field-medium wpforms-field-required\" name=\"wpforms[fields][3]\" aria-errormessage=\"wpforms-317-field_3-error\" required><\/textarea><\/div><script>\n\t\t\t\t( function() {\n\t\t\t\t\tconst style = document.createElement( 'style' );\n\t\t\t\t\tstyle.appendChild( document.createTextNode( '#wpforms-317-field_5-container { position: absolute !important; overflow: hidden !important; display: inline !important; height: 1px !important; width: 1px !important; z-index: -1000 !important; padding: 0 !important; } #wpforms-317-field_5-container input { visibility: hidden; } #wpforms-conversational-form-page #wpforms-317-field_5-container label { counter-increment: none; }' ) );\n\t\t\t\t\tdocument.head.appendChild( style );\n\t\t\t\t\tdocument.currentScript?.remove();\n\t\t\t\t} )();\n\t\t\t<\/script><\/div><!-- .wpforms-field-container --><div class=\"wpforms-submit-container\" ><input type=\"hidden\" name=\"wpforms[id]\" value=\"317\"><input type=\"hidden\" name=\"page_title\" value=\"\"><input type=\"hidden\" name=\"page_url\" value=\"https:\/\/yunadesign.fr\/index.php?rest_route=\/wp\/v2\/pages\/113\"><input type=\"hidden\" name=\"url_referer\" value=\"\"><button type=\"submit\" name=\"wpforms[submit]\" id=\"wpforms-submit-317\" class=\"wpforms-submit\" data-alt-text=\"Envoi...\" data-submit-text=\"Envoyer\" aria-live=\"assertive\" value=\"wpforms-submit\">Envoyer<\/button><img loading=\"lazy\" decoding=\"async\" src=\"https:\/\/yunadesign.fr\/wp-content\/plugins\/wpforms-lite\/assets\/images\/submit-spin.svg\" class=\"wpforms-submit-spinner\" style=\"display: none;\" width=\"26\" height=\"26\" alt=\"Loading\"><\/div><\/form><\/div>  <!-- .wpforms-container --><\/div><\/div>\n","protected":false},"excerpt":{"rendered":"<p>\u25cf Strat\u00e9gie de communication \u25cf Positionnement de marque \u25cf Plan marketing sur-mesure \u25cf Planning \u00e9ditorial \u25cf Lancement de campagne \u25cf Analyse et suivi des performances La strat\u00e9gie marketing est le point de d\u00e9part de toute communication r\u00e9ussie. Elle d\u00e9finit qui vous \u00eates, \u00e0 qui vous vous adressez, et comment faire passer le bon message au &hellip; <\/p>\n<p class=\"link-more\"><a href=\"https:\/\/yunadesign.fr\/?page_id=113\" class=\"more-link\">Read more<span class=\"screen-reader-text\"> &#8220;STRATEGIE MARKETING&#8221;<\/span><\/a><\/p>\n","protected":false},"author":1,"featured_media":416,"parent":0,"menu_order":0,"comment_status":"closed","ping_status":"closed","template":"","meta":{"footnotes":""},"class_list":["post-113","page","type-page","status-publish","has-post-thumbnail","hentry"],"featured_media_urls":{"thumbnail":["https:\/\/yunadesign.fr\/wp-content\/uploads\/2025\/10\/ChatGPT-Image-20-oct.-2025-15_49_01-150x150.png",150,150,true],"medium":["https:\/\/yunadesign.fr\/wp-content\/uploads\/2025\/10\/ChatGPT-Image-20-oct.-2025-15_49_01-300x200.png",300,200,true],"medium_large":["https:\/\/yunadesign.fr\/wp-content\/uploads\/2025\/10\/ChatGPT-Image-20-oct.-2025-15_49_01.png",768,512,false],"large":["https:\/\/yunadesign.fr\/wp-content\/uploads\/2025\/10\/ChatGPT-Image-20-oct.-2025-15_49_01-1024x683.png",950,634,true],"1536x1536":["https:\/\/yunadesign.fr\/wp-content\/uploads\/2025\/10\/ChatGPT-Image-20-oct.-2025-15_49_01.png",1536,1024,false],"2048x2048":["https:\/\/yunadesign.fr\/wp-content\/uploads\/2025\/10\/ChatGPT-Image-20-oct.-2025-15_49_01.png",1536,1024,false],"inspiro-featured-image":["https:\/\/yunadesign.fr\/wp-content\/uploads\/2025\/10\/ChatGPT-Image-20-oct.-2025-15_49_01.png",1536,1024,false],"inspiro-loop":["https:\/\/yunadesign.fr\/wp-content\/uploads\/2025\/10\/ChatGPT-Image-20-oct.-2025-15_49_01-950x320.png",950,320,true],"inspiro-loop@2x":["https:\/\/yunadesign.fr\/wp-content\/uploads\/2025\/10\/ChatGPT-Image-20-oct.-2025-15_49_01-1536x640.png",1536,640,true],"portfolio_item-thumbnail":["https:\/\/yunadesign.fr\/wp-content\/uploads\/2025\/10\/ChatGPT-Image-20-oct.-2025-15_49_01-600x400.png",600,400,true],"portfolio_item-thumbnail@2x":["https:\/\/yunadesign.fr\/wp-content\/uploads\/2025\/10\/ChatGPT-Image-20-oct.-2025-15_49_01-1200x800.png",1200,800,true],"portfolio_item-masonry":["https:\/\/yunadesign.fr\/wp-content\/uploads\/2025\/10\/ChatGPT-Image-20-oct.-2025-15_49_01-600x400.png",600,400,true],"portfolio_item-masonry@2x":["https:\/\/yunadesign.fr\/wp-content\/uploads\/2025\/10\/ChatGPT-Image-20-oct.-2025-15_49_01-1200x800.png",1200,800,true],"portfolio_item-thumbnail_cinema":["https:\/\/yunadesign.fr\/wp-content\/uploads\/2025\/10\/ChatGPT-Image-20-oct.-2025-15_49_01-800x335.png",800,335,true],"portfolio_item-thumbnail_portrait":["https:\/\/yunadesign.fr\/wp-content\/uploads\/2025\/10\/ChatGPT-Image-20-oct.-2025-15_49_01-600x900.png",600,900,true],"portfolio_item-thumbnail_portrait@2x":["https:\/\/yunadesign.fr\/wp-content\/uploads\/2025\/10\/ChatGPT-Image-20-oct.-2025-15_49_01-1200x1024.png",1200,1024,true],"portfolio_item-thumbnail_square":["https:\/\/yunadesign.fr\/wp-content\/uploads\/2025\/10\/ChatGPT-Image-20-oct.-2025-15_49_01-800x800.png",800,800,true]},"_links":{"self":[{"href":"https:\/\/yunadesign.fr\/index.php?rest_route=\/wp\/v2\/pages\/113","targetHints":{"allow":["GET"]}}],"collection":[{"href":"https:\/\/yunadesign.fr\/index.php?rest_route=\/wp\/v2\/pages"}],"about":[{"href":"https:\/\/yunadesign.fr\/index.php?rest_route=\/wp\/v2\/types\/page"}],"author":[{"embeddable":true,"href":"https:\/\/yunadesign.fr\/index.php?rest_route=\/wp\/v2\/users\/1"}],"replies":[{"embeddable":true,"href":"https:\/\/yunadesign.fr\/index.php?rest_route=%2Fwp%2Fv2%2Fcomments&post=113"}],"version-history":[{"count":20,"href":"https:\/\/yunadesign.fr\/index.php?rest_route=\/wp\/v2\/pages\/113\/revisions"}],"predecessor-version":[{"id":441,"href":"https:\/\/yunadesign.fr\/index.php?rest_route=\/wp\/v2\/pages\/113\/revisions\/441"}],"wp:featuredmedia":[{"embeddable":true,"href":"https:\/\/yunadesign.fr\/index.php?rest_route=\/wp\/v2\/media\/416"}],"wp:attachment":[{"href":"https:\/\/yunadesign.fr\/index.php?rest_route=%2Fwp%2Fv2%2Fmedia&parent=113"}],"curies":[{"name":"wp","href":"https:\/\/api.w.org\/{rel}","templated":true}]}}