{"id":114,"date":"2025-10-03T15:54:56","date_gmt":"2025-10-03T15:54:56","guid":{"rendered":"https:\/\/yunadesign.fr\/?page_id=114"},"modified":"2025-11-03T22:52:03","modified_gmt":"2025-11-03T22:52:03","slug":"notre-agence","status":"publish","type":"page","link":"https:\/\/yunadesign.fr\/?page_id=114","title":{"rendered":"NOTRE AGENCE"},"content":{"rendered":"\n<p class=\"has-text-align-left has-primary-color has-text-color has-link-color wp-elements-29dda6bb407f9032dda82820ecb890cc\"><strong>YUNA DESIGN<\/strong> est n\u00e9e d&#8217;une conviction simple : une marque forte commence par une id\u00e9e claire et une identit\u00e9 coh\u00e9rente. Nous accompagnons les entreprises et ind\u00e9pendants dans la <strong>cr\u00e9ation d&#8217;univers visuels et strat\u00e9giques qui racontent, s\u00e9duisent et durent<\/strong>.<\/p>\n\n\n\n<p>Entre <strong>design, strat\u00e9gie et communication<\/strong>, nous faisons le lien entre l&#8217;esth\u00e9tique et la performance. Chaque projet est pens\u00e9 comme une exp\u00e9rience globale : du logo \u00e0 la pr\u00e9sence digitale, tout est construit pour refl\u00e9ter vos valeurs et atteindre vos objectifs.<\/p>\n\n\n\n<p>Notre approche repose sur trois piliers : <strong>\u00e9coute, pertinence et impact<\/strong>. Nous analysons, conceptualisons et donnons forme \u00e0 des solutions cr\u00e9atives sur mesure, align\u00e9es avec votre vision et votre march\u00e9.<\/p>\n\n\n\n<p><strong>YUNA DESIGN<\/strong>, c&#8217;est une agence jeune, agile et engag\u00e9e, o\u00f9 l&#8217;exigence du design rencontre la logique du marketing. Notre mission ?<\/p>\n\n\n\n<div style=\"height:19px\" aria-hidden=\"true\" class=\"wp-block-spacer\"><\/div>\n\n\n\n<h2 class=\"wp-block-heading has-text-align-center\"><strong>Transformer votre image en un v\u00e9ritable levier de croissance.<\/strong><\/h2>\n\n\n\n<div style=\"height:73px\" aria-hidden=\"true\" class=\"wp-block-spacer\"><\/div>\n\n\n\n<div class=\"wp-block-group alignfull portfolio-dark has-primary-background-color has-background has-global-padding is-layout-constrained wp-block-group-is-layout-constrained\" id=\"portfolio\" style=\"margin-top:0px\">\n<div class=\"wp-block-columns is-layout-flex wp-container-core-columns-is-layout-28f84493 wp-block-columns-is-layout-flex\">\n<div class=\"wp-block-column is-layout-flow wp-block-column-is-layout-flow\">\n<div style=\"height:33px\" aria-hidden=\"true\" class=\"wp-block-spacer\"><\/div>\n\n\n\n<h2 class=\"wp-block-heading has-white-color has-text-color has-link-color wp-elements-4ad06dbe0ba225fc3010468ea753c92b\" style=\"font-size:clamp(18.959px, 1.185rem + ((1vw - 3.2px) * 1.042), 30px);\">Nos engagements.<\/h2>\n\n\n\n<div style=\"height:33px\" aria-hidden=\"true\" class=\"wp-block-spacer\"><\/div>\n\n\n\n<p class=\"has-white-color has-text-color has-link-color wp-elements-894abe198f13865842e29b7ed572d798\" style=\"margin-top:0;margin-bottom:0\">Chez <strong>YUNA DESIGN<\/strong>, notre mission est d&#8217;aider les <strong>TPE, PME et ind\u00e9pendants<\/strong> \u00e0 r\u00e9v\u00e9ler tout le potentiel de leur image. Nous savons que derri\u00e8re chaque marque, il y a une histoire, une \u00e9nergie et souvent, une vision \u00e0 structurer. Notre objectif ? Rendre le design et la strat\u00e9gie accessible \u00e0 tous, sans compromis sur la qualit\u00e9 ou la coh\u00e9rence.<\/p>\n\n\n\n<p class=\"has-white-color has-text-color has-link-color wp-elements-a14aa2e9d3f3c94a05d5fed5eca94e1f\">Nous pla\u00e7ons la <strong>transparence<\/strong> au coeur de chaque collaboration : des tarifs clairs, un suivi pr\u00e9cis et des \u00e9changes honn\u00eates \u00e0 chaque \u00e9tape du projet. Aucune promesse floue, seulement des r\u00e9sultats mesurables, des conseils justes et un accompagnement fond\u00e9 sur la confiance.<\/p>\n\n\n\n<p class=\"has-white-color has-text-color has-link-color wp-elements-ed608c9bc80472eeaa23bafbf7635ec4\">Notre promesse de valeur : <strong>des solutions sur mesure, claires et performantes<\/strong>, pens\u00e9es pour s\u2019adapter \u00e0 vos ressources et \u00e0 vos ambitions.<br>Parce que la r\u00e9ussite d\u2019un projet ne d\u00e9pend pas de sa taille, mais de la justesse de sa vision.<\/p>\n\n\n\n<div style=\"height:76px\" aria-hidden=\"true\" class=\"wp-block-spacer\"><\/div>\n<\/div>\n\n\n\n<div class=\"wp-block-column is-vertically-aligned-center is-layout-flow wp-container-core-column-is-layout-74668166 wp-block-column-is-layout-flow\" style=\"border-style:none;border-width:0px;border-radius:0px;padding-top:0;padding-right:0;padding-bottom:0;padding-left:0\">\n<div class=\"wp-block-columns is-layout-flex wp-container-core-columns-is-layout-28f84493 wp-block-columns-is-layout-flex\">\n<div class=\"wp-block-column is-layout-flow wp-block-column-is-layout-flow\">\n<div style=\"height:11px\" aria-hidden=\"true\" class=\"wp-block-spacer\"><\/div>\n\n\n\n<figure class=\"wp-block-image aligncenter size-large is-resized\" style=\"margin-top:var(--wp--preset--spacing--x-small);margin-bottom:var(--wp--preset--spacing--x-small)\"><img loading=\"lazy\" decoding=\"async\" width=\"1024\" height=\"345\" src=\"https:\/\/yunadesign.fr\/wp-content\/uploads\/2025\/10\/AdobeStock_394354642-1024x345.jpeg\" alt=\"\" class=\"wp-image-455\" style=\"aspect-ratio:1.7777777777777777;object-fit:cover;width:482px;height:auto\" srcset=\"https:\/\/yunadesign.fr\/wp-content\/uploads\/2025\/10\/AdobeStock_394354642-1024x345.jpeg 1024w, https:\/\/yunadesign.fr\/wp-content\/uploads\/2025\/10\/AdobeStock_394354642-300x101.jpeg 300w, https:\/\/yunadesign.fr\/wp-content\/uploads\/2025\/10\/AdobeStock_394354642-2000x675.jpeg 2000w, https:\/\/yunadesign.fr\/wp-content\/uploads\/2025\/10\/AdobeStock_394354642-950x320.jpeg 950w, https:\/\/yunadesign.fr\/wp-content\/uploads\/2025\/10\/AdobeStock_394354642-1900x640.jpeg 1900w\" sizes=\"auto, (max-width: 1024px) 100vw, 1024px\" \/><\/figure>\n<\/div>\n<\/div>\n<\/div>\n<\/div>\n<\/div>\n\n\n\n<div class=\"wp-block-cover alignfull is-light\" style=\"padding-top:50px;padding-right:50px;padding-bottom:50px;padding-left:50px;min-height:316px;aspect-ratio:unset;\"><video class=\"wp-block-cover__video-background intrinsic-ignore\" autoplay muted loop playsinline src=\"https:\/\/yunadesign.fr\/wp-content\/uploads\/2025\/09\/AdobeStock_1554478842.mov\" data-object-fit=\"cover\"><\/video><span aria-hidden=\"true\" class=\"wp-block-cover__background has-black-background-color has-background-dim\"><\/span><div class=\"wp-block-cover__inner-container is-layout-flow wp-block-cover-is-layout-flow\">\n<h2 class=\"wp-block-heading has-text-align-center has-text-color has-link-color wp-elements-a25bf590983c340b223ef9f46c27ced6\" style=\"color:#bb93e2;font-size:clamp(14.642px, 0.915rem + ((1vw - 3.2px) * 0.694), 22px);font-style:normal;font-weight:900\">VOUS SOUHAITEZ ECHANGER SUR UN PROJET ?<\/h2>\n\n\n\n<p class=\"has-text-align-center has-white-color has-text-color has-link-color wp-elements-b3522e3c2428cefb785cf43842735b75\" style=\"font-size:clamp(14px, 0.875rem + ((1vw - 3.2px) * 0.377), 18px);font-style:normal;font-weight:500\">Nous sommes \u00e0 votre \u00e9coute pour comprendre vos besoins, partager vos id\u00e9es et construire ensemble<br>une communication qui vous ressemble.<\/p>\n\n\n\n<div style=\"height:2px\" aria-hidden=\"true\" class=\"wp-block-spacer\"><\/div>\n\n\n<style id=\"wpforms-css-vars-317-block-becce844-bc6b-41c7-b31a-3aec2071f538\">\n\t\t\t\t#wpforms-317.wpforms-block-becce844-bc6b-41c7-b31a-3aec2071f538 {\n\t\t\t\t--wpforms-label-color: #ffffff;\n--wpforms-label-sublabel-color: #ffffff;\n--wpforms-field-border-color: rgba(0, 0, 0, 0.25);\n--wpforms-field-border-color-spare: rgba(0, 0, 0, 0.25);\n--wpforms-field-text-color: #000000;\n--wpforms-button-border-style: solid;\n--wpforms-button-background-color: #ffffff;\n--wpforms-button-text-color: #f9fafd;\n--wpforms-button-border-color: #ffffff;\n--wpforms-button-background-color-alt: #ffffff00;\n--wpforms-field-size-input-height: 43px;\n--wpforms-field-size-input-spacing: 15px;\n--wpforms-field-size-font-size: 16px;\n--wpforms-field-size-line-height: 19px;\n--wpforms-field-size-padding-h: 14px;\n--wpforms-field-size-checkbox-size: 16px;\n--wpforms-field-size-sublabel-spacing: 5px;\n--wpforms-field-size-icon-size: 1;\n--wpforms-label-size-font-size: 16px;\n--wpforms-label-size-line-height: 19px;\n--wpforms-label-size-sublabel-font-size: 14px;\n--wpforms-label-size-sublabel-line-height: 17px;\n--wpforms-button-size-font-size: 17px;\n--wpforms-button-size-height: 41px;\n--wpforms-button-size-padding-h: 15px;\n--wpforms-button-size-margin-top: 10px;\n\t\t\t}\n\t\t\t<\/style><div class=\"wpforms-container wpforms-container-full wpforms-block wpforms-block-becce844-bc6b-41c7-b31a-3aec2071f538 wpforms-render-modern\" id=\"wpforms-317\"><form id=\"wpforms-form-317\" class=\"wpforms-validate wpforms-form wpforms-ajax-form\" data-formid=\"317\" method=\"post\" enctype=\"multipart\/form-data\" action=\"\/index.php?rest_route=%2Fwp%2Fv2%2Fpages%2F114\" data-token=\"e244795f6f4d6a11de166db77bcdf084\" data-token-time=\"1776034706\"><noscript class=\"wpforms-error-noscript\">Please enable JavaScript in your browser to complete this form.<\/noscript><div id=\"wpforms-error-noscript\" style=\"display: none;\">Please enable JavaScript in your browser to complete this form.<\/div><div class=\"wpforms-field-container\"><div id=\"wpforms-317-field_1-container\" class=\"wpforms-field wpforms-field-name\" data-field-id=\"1\"><fieldset><legend class=\"wpforms-field-label\">Nom <span class=\"wpforms-required-label\" aria-hidden=\"true\">*<\/span><\/legend><div class=\"wpforms-field-row wpforms-field-medium\"><div class=\"wpforms-field-row-block wpforms-first wpforms-one-half\"><input type=\"text\" id=\"wpforms-317-field_1\" class=\"wpforms-field-name-first wpforms-field-required\" name=\"wpforms[fields][1][first]\" aria-errormessage=\"wpforms-317-field_1-error\" required><label for=\"wpforms-317-field_1\" class=\"wpforms-field-sublabel after\">First<\/label><\/div><div class=\"wpforms-field-row-block wpforms-one-half\"><input type=\"text\" id=\"wpforms-317-field_1-last\" class=\"wpforms-field-name-last wpforms-field-required\" name=\"wpforms[fields][1][last]\" aria-errormessage=\"wpforms-317-field_1-last-error\" required><label for=\"wpforms-317-field_1-last\" class=\"wpforms-field-sublabel after\">Last<\/label><\/div><\/div><\/fieldset><\/div>\t\t<div id=\"wpforms-317-field_5-container\"\n\t\t\tclass=\"wpforms-field wpforms-field-text\"\n\t\t\tdata-field-type=\"text\"\n\t\t\tdata-field-id=\"5\"\n\t\t\t>\n\t\t\t<label class=\"wpforms-field-label\" for=\"wpforms-317-field_5\" >Nom Objet E-mail<\/label>\n\t\t\t<input type=\"text\" id=\"wpforms-317-field_5\" class=\"wpforms-field-medium\" name=\"wpforms[fields][5]\" >\n\t\t<\/div>\n\t\t<div id=\"wpforms-317-field_2-container\" class=\"wpforms-field wpforms-field-email\" data-field-id=\"2\"><label class=\"wpforms-field-label\" for=\"wpforms-317-field_2\">E-mail <span class=\"wpforms-required-label\" aria-hidden=\"true\">*<\/span><\/label><input type=\"email\" id=\"wpforms-317-field_2\" class=\"wpforms-field-medium wpforms-field-required\" name=\"wpforms[fields][2]\" spellcheck=\"false\" aria-errormessage=\"wpforms-317-field_2-error\" required><\/div><div id=\"wpforms-317-field_4-container\" class=\"wpforms-field wpforms-field-text\" data-field-id=\"4\"><label class=\"wpforms-field-label\" for=\"wpforms-317-field_4\">Objet <span class=\"wpforms-required-label\" aria-hidden=\"true\">*<\/span><\/label><input type=\"text\" id=\"wpforms-317-field_4\" class=\"wpforms-field-medium wpforms-field-required\" name=\"wpforms[fields][4]\" aria-errormessage=\"wpforms-317-field_4-error\" required><\/div><div id=\"wpforms-317-field_3-container\" class=\"wpforms-field wpforms-field-textarea\" data-field-id=\"3\"><label class=\"wpforms-field-label\" for=\"wpforms-317-field_3\">Message <span class=\"wpforms-required-label\" aria-hidden=\"true\">*<\/span><\/label><textarea id=\"wpforms-317-field_3\" class=\"wpforms-field-medium wpforms-field-required\" name=\"wpforms[fields][3]\" aria-errormessage=\"wpforms-317-field_3-error\" required><\/textarea><\/div><script>\n\t\t\t\t( function() {\n\t\t\t\t\tconst style = document.createElement( 'style' );\n\t\t\t\t\tstyle.appendChild( document.createTextNode( '#wpforms-317-field_5-container { position: absolute !important; overflow: hidden !important; display: inline !important; height: 1px !important; width: 1px !important; z-index: -1000 !important; padding: 0 !important; } #wpforms-317-field_5-container input { visibility: hidden; } #wpforms-conversational-form-page #wpforms-317-field_5-container label { counter-increment: none; }' ) );\n\t\t\t\t\tdocument.head.appendChild( style );\n\t\t\t\t\tdocument.currentScript?.remove();\n\t\t\t\t} )();\n\t\t\t<\/script><\/div><!-- .wpforms-field-container --><div class=\"wpforms-submit-container\" ><input type=\"hidden\" name=\"wpforms[id]\" value=\"317\"><input type=\"hidden\" name=\"page_title\" value=\"\"><input type=\"hidden\" name=\"page_url\" value=\"https:\/\/yunadesign.fr\/index.php?rest_route=\/wp\/v2\/pages\/114\"><input type=\"hidden\" name=\"url_referer\" value=\"\"><button type=\"submit\" name=\"wpforms[submit]\" id=\"wpforms-submit-317\" class=\"wpforms-submit\" data-alt-text=\"Envoi...\" data-submit-text=\"Envoyer\" aria-live=\"assertive\" value=\"wpforms-submit\">Envoyer<\/button><img loading=\"lazy\" decoding=\"async\" src=\"https:\/\/yunadesign.fr\/wp-content\/plugins\/wpforms-lite\/assets\/images\/submit-spin.svg\" class=\"wpforms-submit-spinner\" style=\"display: none;\" width=\"26\" height=\"26\" alt=\"Loading\"><\/div><\/form><\/div>  <!-- .wpforms-container --><\/div><\/div>\n","protected":false},"excerpt":{"rendered":"<p>YUNA DESIGN est n\u00e9e d&#8217;une conviction simple : une marque forte commence par une id\u00e9e claire et une identit\u00e9 coh\u00e9rente. Nous accompagnons les entreprises et ind\u00e9pendants dans la cr\u00e9ation d&#8217;univers visuels et strat\u00e9giques qui racontent, s\u00e9duisent et durent. Entre design, strat\u00e9gie et communication, nous faisons le lien entre l&#8217;esth\u00e9tique et la performance. Chaque projet est &hellip; <\/p>\n<p class=\"link-more\"><a href=\"https:\/\/yunadesign.fr\/?page_id=114\" class=\"more-link\">Read more<span class=\"screen-reader-text\"> &#8220;NOTRE AGENCE&#8221;<\/span><\/a><\/p>\n","protected":false},"author":1,"featured_media":0,"parent":0,"menu_order":0,"comment_status":"closed","ping_status":"closed","template":"","meta":{"footnotes":""},"class_list":["post-114","page","type-page","status-publish","hentry"],"featured_media_urls":[],"_links":{"self":[{"href":"https:\/\/yunadesign.fr\/index.php?rest_route=\/wp\/v2\/pages\/114","targetHints":{"allow":["GET"]}}],"collection":[{"href":"https:\/\/yunadesign.fr\/index.php?rest_route=\/wp\/v2\/pages"}],"about":[{"href":"https:\/\/yunadesign.fr\/index.php?rest_route=\/wp\/v2\/types\/page"}],"author":[{"embeddable":true,"href":"https:\/\/yunadesign.fr\/index.php?rest_route=\/wp\/v2\/users\/1"}],"replies":[{"embeddable":true,"href":"https:\/\/yunadesign.fr\/index.php?rest_route=%2Fwp%2Fv2%2Fcomments&post=114"}],"version-history":[{"count":22,"href":"https:\/\/yunadesign.fr\/index.php?rest_route=\/wp\/v2\/pages\/114\/revisions"}],"predecessor-version":[{"id":495,"href":"https:\/\/yunadesign.fr\/index.php?rest_route=\/wp\/v2\/pages\/114\/revisions\/495"}],"wp:attachment":[{"href":"https:\/\/yunadesign.fr\/index.php?rest_route=%2Fwp%2Fv2%2Fmedia&parent=114"}],"curies":[{"name":"wp","href":"https:\/\/api.w.org\/{rel}","templated":true}]}}