{"id":339,"date":"2025-10-15T15:44:36","date_gmt":"2025-10-15T15:44:36","guid":{"rendered":"https:\/\/yunadesign.fr\/?page_id=339"},"modified":"2025-10-20T19:24:02","modified_gmt":"2025-10-20T19:24:02","slug":"creation-de-site-web","status":"publish","type":"page","link":"https:\/\/yunadesign.fr\/?page_id=339","title":{"rendered":"CREATION DE SITE WEB"},"content":{"rendered":"\n<p class=\"has-text-align-center has-tertiary-color has-text-color has-link-color wp-elements-6f7a2f9e79975f9edc311a8384cc9d9c\">\u25cf Site vitrine \u25cf Site e-commerce \u25cf Webdesign sur mesure \u25cf Refonte de site \u25cf UX\/UI Design \u25cf Maintenance et optimisation<\/p>\n\n\n\n<p class=\"has-text-align-center\">Un site web est bien plus qu&#8217;une pr\u00e9sence en ligne : c&#8217;est une vitrine strat\u00e9gique qui refl\u00e8te votre image, vos valeurs et votre professionnalisme.<br>Con\u00e7u avec soin, il renforce votre cr\u00e9dibilit\u00e9, am\u00e9liore votre visibilit\u00e9 et offre une exp\u00e9rience fluide et engageante \u00e0 vos utilisateurs. <\/p>\n\n\n\n<p class=\"has-text-align-center\">Chez <strong>YUNA DESIGN<\/strong>, nous cr\u00e9ons des sites sur-mesure, pens\u00e9s pour allier design, performance et clart\u00e9. Chaque projet est <strong>con\u00e7u selon vos objectifs et optimis\u00e9 en fonction de votre budget<\/strong>, afin de garantir un r\u00e9sultat pertinent et durable. <\/p>\n\n\n\n<p class=\"has-text-align-center\">Notre accompagnement repose sur l&#8217;\u00e9coute, la compr\u00e9hension de vos besoins et un suivi rigoureux \u00e0 chaque \u00e9tape. <\/p>\n\n\n\n<h2 class=\"wp-block-heading has-text-align-center\">Pour construire un site coh\u00e9rent, \u00e9volutif et \u00e0 votre image.<\/h2>\n\n\n\n<div style=\"height:73px\" aria-hidden=\"true\" class=\"wp-block-spacer\"><\/div>\n\n\n\n<div class=\"wp-block-group alignfull portfolio-dark has-primary-background-color has-background has-global-padding is-layout-constrained wp-block-group-is-layout-constrained\" id=\"portfolio\" style=\"margin-top:0px\">\n<div class=\"wp-block-columns is-layout-flex wp-container-core-columns-is-layout-28f84493 wp-block-columns-is-layout-flex\">\n<div class=\"wp-block-column is-layout-flow wp-block-column-is-layout-flow\">\n<div style=\"height:36px\" aria-hidden=\"true\" class=\"wp-block-spacer\"><\/div>\n\n\n\n<div class=\"wp-block-columns is-layout-flex wp-container-core-columns-is-layout-28f84493 wp-block-columns-is-layout-flex\">\n<div class=\"wp-block-column is-layout-flow wp-block-column-is-layout-flow\">\n<figure class=\"wp-block-image aligncenter size-large is-resized animated rollIn\"><img loading=\"lazy\" decoding=\"async\" width=\"1024\" height=\"683\" src=\"https:\/\/yunadesign.fr\/wp-content\/uploads\/2025\/10\/ChatGPT-Image-16-oct.-2025-16_43_24-1024x683.png\" alt=\"\" class=\"wp-image-378\" style=\"width:422px;height:auto\" srcset=\"https:\/\/yunadesign.fr\/wp-content\/uploads\/2025\/10\/ChatGPT-Image-16-oct.-2025-16_43_24-1024x683.png 1024w, https:\/\/yunadesign.fr\/wp-content\/uploads\/2025\/10\/ChatGPT-Image-16-oct.-2025-16_43_24-300x200.png 300w, https:\/\/yunadesign.fr\/wp-content\/uploads\/2025\/10\/ChatGPT-Image-16-oct.-2025-16_43_24.png 1536w\" sizes=\"auto, (max-width: 1024px) 100vw, 1024px\" \/><\/figure>\n\n\n\n<figure class=\"wp-block-image aligncenter size-large is-resized animated rollIn\"><img loading=\"lazy\" decoding=\"async\" width=\"1024\" height=\"683\" src=\"https:\/\/yunadesign.fr\/wp-content\/uploads\/2025\/10\/SITE-WEB-1024x683.png\" alt=\"\" class=\"wp-image-380\" style=\"width:422px;height:auto\" srcset=\"https:\/\/yunadesign.fr\/wp-content\/uploads\/2025\/10\/SITE-WEB-1024x683.png 1024w, https:\/\/yunadesign.fr\/wp-content\/uploads\/2025\/10\/SITE-WEB-300x200.png 300w, https:\/\/yunadesign.fr\/wp-content\/uploads\/2025\/10\/SITE-WEB.png 1536w\" sizes=\"auto, (max-width: 1024px) 100vw, 1024px\" \/><\/figure>\n<\/div>\n<\/div>\n<\/div>\n\n\n\n<div class=\"wp-block-column is-layout-flow wp-block-column-is-layout-flow\">\n<div style=\"height:33px\" aria-hidden=\"true\" class=\"wp-block-spacer\"><\/div>\n\n\n\n<p class=\"has-white-color has-text-color has-link-color wp-elements-65ae93c57beb08501e28a6038af7b123\"><strong>Chaque projet web est con\u00e7u sur-mesure<\/strong>, qu&#8217;il s&#8217;agisse d&#8217;un site vitrine, d&#8217;une boutique e-commerce ou d&#8217;une refonte compl\u00e8te. <br>Nous allions webdesign, UX\/UI, et strat\u00e9gie digitale pour <strong>cr\u00e9er des sites performants, visibles et orient\u00e9s r\u00e9sultats<\/strong>. <br>L&#8217;objectifs : <strong>g\u00e9n\u00e9rer du traffic qualifi\u00e9<\/strong> et <strong>transformer vos visiteurs en clients<\/strong> durables.<\/p>\n\n\n\n<div style=\"height:33px\" aria-hidden=\"true\" class=\"wp-block-spacer\"><\/div>\n\n\n\n<div class=\"wp-block-columns is-layout-flex wp-container-core-columns-is-layout-28f84493 wp-block-columns-is-layout-flex\">\n<div class=\"wp-block-column is-layout-flow wp-block-column-is-layout-flow\">\n<figure class=\"wp-block-image aligncenter size-full is-resized\"><img loading=\"lazy\" decoding=\"async\" width=\"84\" height=\"84\" src=\"https:\/\/yunadesign.fr\/wp-content\/uploads\/2025\/10\/web-design-UX-UI.webp\" alt=\"\" class=\"wp-image-359\" style=\"object-fit:cover;width:46px;height:auto\"\/><\/figure>\n\n\n\n<p class=\"has-text-align-center has-white-color has-text-color has-link-color wp-elements-bcb2b98d42f7d75187063457e9762d3d\">Web design UX\/UI<\/p>\n<\/div>\n\n\n\n<div class=\"wp-block-column is-layout-flow wp-block-column-is-layout-flow\">\n<figure class=\"wp-block-image aligncenter size-full is-resized\"><img loading=\"lazy\" decoding=\"async\" width=\"76\" height=\"76\" src=\"https:\/\/yunadesign.fr\/wp-content\/uploads\/2025\/10\/ERGONOMIE.webp\" alt=\"\" class=\"wp-image-360\" style=\"object-fit:cover;width:46px;height:auto\"\/><\/figure>\n\n\n\n<p class=\"has-text-align-center has-white-color has-text-color has-link-color wp-elements-68ba9706d14b9e00e74cf695c79efa8e\">Accessibilit\u00e9<\/p>\n<\/div>\n\n\n\n<div class=\"wp-block-column is-layout-flow wp-block-column-is-layout-flow\">\n<figure class=\"wp-block-image aligncenter size-full is-resized\"><img loading=\"lazy\" decoding=\"async\" width=\"84\" height=\"76\" src=\"https:\/\/yunadesign.fr\/wp-content\/uploads\/2025\/10\/VISUELS.webp\" alt=\"\" class=\"wp-image-361\" style=\"object-fit:cover;width:46px;height:auto\"\/><\/figure>\n\n\n\n<p class=\"has-text-align-center has-white-color has-text-color has-link-color wp-elements-98cc7464caea4da525654933dbf6f3fe\">Visuels de qualit\u00e9<\/p>\n<\/div>\n<\/div>\n\n\n\n<div class=\"wp-block-columns is-layout-flex wp-container-core-columns-is-layout-28f84493 wp-block-columns-is-layout-flex\">\n<div class=\"wp-block-column is-layout-flow wp-block-column-is-layout-flow\">\n<figure class=\"wp-block-image aligncenter size-full is-resized\"><img loading=\"lazy\" decoding=\"async\" width=\"84\" height=\"72\" src=\"https:\/\/yunadesign.fr\/wp-content\/uploads\/2025\/10\/Refonte-site.webp\" alt=\"\" class=\"wp-image-362\" style=\"object-fit:cover;width:52px;height:auto\"\/><\/figure>\n\n\n\n<p class=\"has-text-align-center has-white-color has-text-color has-link-color wp-elements-cad618ccd3ce56ca8c2d72add98c89ff\">Refonte de site<\/p>\n<\/div>\n\n\n\n<div class=\"wp-block-column is-layout-flow wp-block-column-is-layout-flow\">\n<figure class=\"wp-block-image aligncenter size-full is-resized\"><img loading=\"lazy\" decoding=\"async\" width=\"84\" height=\"84\" src=\"https:\/\/yunadesign.fr\/wp-content\/uploads\/2025\/10\/PERFORMANCE.webp\" alt=\"\" class=\"wp-image-370\" style=\"object-fit:cover;width:46px;height:auto\"\/><\/figure>\n\n\n\n<p class=\"has-text-align-center has-white-color has-text-color has-link-color wp-elements-74f9de1fc5ef3ed83fcf9a4be2530aec\">Performance continue<\/p>\n<\/div>\n\n\n\n<div class=\"wp-block-column is-layout-flow wp-block-column-is-layout-flow\">\n<figure class=\"wp-block-image aligncenter size-full is-resized\"><img loading=\"lazy\" decoding=\"async\" width=\"84\" height=\"84\" src=\"https:\/\/yunadesign.fr\/wp-content\/uploads\/2025\/10\/E-COMMERCE.webp\" alt=\"\" class=\"wp-image-371\" style=\"object-fit:cover;width:46px;height:auto\"\/><\/figure>\n\n\n\n<p class=\"has-text-align-center has-white-color has-text-color has-link-color wp-elements-7deab55da5ae59e89ecc44277a0a28c3\">E-commerce<\/p>\n<\/div>\n<\/div>\n<\/div>\n<\/div>\n\n\n\n<div style=\"height:83px\" aria-hidden=\"true\" class=\"wp-block-spacer\"><\/div>\n<\/div>\n\n\n\n<div class=\"wp-block-cover alignfull is-light\" style=\"padding-top:50px;padding-right:50px;padding-bottom:50px;padding-left:50px;min-height:316px;aspect-ratio:unset;\"><video class=\"wp-block-cover__video-background intrinsic-ignore\" autoplay muted loop playsinline src=\"https:\/\/yunadesign.fr\/wp-content\/uploads\/2025\/09\/AdobeStock_1554478842.mov\" data-object-fit=\"cover\"><\/video><span aria-hidden=\"true\" class=\"wp-block-cover__background has-black-background-color has-background-dim\"><\/span><div class=\"wp-block-cover__inner-container is-layout-flow wp-block-cover-is-layout-flow\">\n<h2 class=\"wp-block-heading has-text-align-center has-text-color has-link-color wp-elements-a25bf590983c340b223ef9f46c27ced6\" style=\"color:#bb93e2;font-size:clamp(14.642px, 0.915rem + ((1vw - 3.2px) * 0.694), 22px);font-style:normal;font-weight:900\">VOUS SOUHAITEZ ECHANGER SUR UN PROJET ?<\/h2>\n\n\n\n<p class=\"has-text-align-center has-white-color has-text-color has-link-color wp-elements-b3522e3c2428cefb785cf43842735b75\" style=\"font-size:clamp(14px, 0.875rem + ((1vw - 3.2px) * 0.377), 18px);font-style:normal;font-weight:500\">Nous sommes \u00e0 votre \u00e9coute pour comprendre vos besoins, partager vos id\u00e9es et construire ensemble<br>une communication qui vous ressemble.<\/p>\n\n\n\n<div style=\"height:2px\" aria-hidden=\"true\" class=\"wp-block-spacer\"><\/div>\n\n\n<style id=\"wpforms-css-vars-317-block-becce844-bc6b-41c7-b31a-3aec2071f538\">\n\t\t\t\t#wpforms-317.wpforms-block-becce844-bc6b-41c7-b31a-3aec2071f538 {\n\t\t\t\t--wpforms-label-color: #ffffff;\n--wpforms-label-sublabel-color: #ffffff;\n--wpforms-field-border-color: rgba(0, 0, 0, 0.25);\n--wpforms-field-border-color-spare: rgba(0, 0, 0, 0.25);\n--wpforms-field-text-color: #000000;\n--wpforms-button-border-style: solid;\n--wpforms-button-background-color: #ffffff;\n--wpforms-button-text-color: #f9fafd;\n--wpforms-button-border-color: #ffffff;\n--wpforms-button-background-color-alt: #ffffff00;\n--wpforms-field-size-input-height: 43px;\n--wpforms-field-size-input-spacing: 15px;\n--wpforms-field-size-font-size: 16px;\n--wpforms-field-size-line-height: 19px;\n--wpforms-field-size-padding-h: 14px;\n--wpforms-field-size-checkbox-size: 16px;\n--wpforms-field-size-sublabel-spacing: 5px;\n--wpforms-field-size-icon-size: 1;\n--wpforms-label-size-font-size: 16px;\n--wpforms-label-size-line-height: 19px;\n--wpforms-label-size-sublabel-font-size: 14px;\n--wpforms-label-size-sublabel-line-height: 17px;\n--wpforms-button-size-font-size: 17px;\n--wpforms-button-size-height: 41px;\n--wpforms-button-size-padding-h: 15px;\n--wpforms-button-size-margin-top: 10px;\n\t\t\t}\n\t\t\t<\/style><div class=\"wpforms-container wpforms-container-full wpforms-block wpforms-block-becce844-bc6b-41c7-b31a-3aec2071f538 wpforms-render-modern\" id=\"wpforms-317\"><form id=\"wpforms-form-317\" class=\"wpforms-validate wpforms-form wpforms-ajax-form\" data-formid=\"317\" method=\"post\" enctype=\"multipart\/form-data\" action=\"\/index.php?rest_route=%2Fwp%2Fv2%2Fpages%2F339\" data-token=\"e244795f6f4d6a11de166db77bcdf084\" data-token-time=\"1776034407\"><noscript class=\"wpforms-error-noscript\">Please enable JavaScript in your browser to complete this form.<\/noscript><div id=\"wpforms-error-noscript\" style=\"display: none;\">Please enable JavaScript in your browser to complete this form.<\/div><div class=\"wpforms-field-container\"><div id=\"wpforms-317-field_1-container\" class=\"wpforms-field wpforms-field-name\" data-field-id=\"1\"><fieldset><legend class=\"wpforms-field-label\">Nom <span class=\"wpforms-required-label\" aria-hidden=\"true\">*<\/span><\/legend><div class=\"wpforms-field-row wpforms-field-medium\"><div class=\"wpforms-field-row-block wpforms-first wpforms-one-half\"><input type=\"text\" id=\"wpforms-317-field_1\" class=\"wpforms-field-name-first wpforms-field-required\" name=\"wpforms[fields][1][first]\" aria-errormessage=\"wpforms-317-field_1-error\" required><label for=\"wpforms-317-field_1\" class=\"wpforms-field-sublabel after\">First<\/label><\/div><div class=\"wpforms-field-row-block wpforms-one-half\"><input type=\"text\" id=\"wpforms-317-field_1-last\" class=\"wpforms-field-name-last wpforms-field-required\" name=\"wpforms[fields][1][last]\" aria-errormessage=\"wpforms-317-field_1-last-error\" required><label for=\"wpforms-317-field_1-last\" class=\"wpforms-field-sublabel after\">Last<\/label><\/div><\/div><\/fieldset><\/div>\t\t<div id=\"wpforms-317-field_5-container\"\n\t\t\tclass=\"wpforms-field wpforms-field-text\"\n\t\t\tdata-field-type=\"text\"\n\t\t\tdata-field-id=\"5\"\n\t\t\t>\n\t\t\t<label class=\"wpforms-field-label\" for=\"wpforms-317-field_5\" >E-mail Message Objet<\/label>\n\t\t\t<input type=\"text\" id=\"wpforms-317-field_5\" class=\"wpforms-field-medium\" name=\"wpforms[fields][5]\" >\n\t\t<\/div>\n\t\t<div id=\"wpforms-317-field_2-container\" class=\"wpforms-field wpforms-field-email\" data-field-id=\"2\"><label class=\"wpforms-field-label\" for=\"wpforms-317-field_2\">E-mail <span class=\"wpforms-required-label\" aria-hidden=\"true\">*<\/span><\/label><input type=\"email\" id=\"wpforms-317-field_2\" class=\"wpforms-field-medium wpforms-field-required\" name=\"wpforms[fields][2]\" spellcheck=\"false\" aria-errormessage=\"wpforms-317-field_2-error\" required><\/div><div id=\"wpforms-317-field_4-container\" class=\"wpforms-field wpforms-field-text\" data-field-id=\"4\"><label class=\"wpforms-field-label\" for=\"wpforms-317-field_4\">Objet <span class=\"wpforms-required-label\" aria-hidden=\"true\">*<\/span><\/label><input type=\"text\" id=\"wpforms-317-field_4\" class=\"wpforms-field-medium wpforms-field-required\" name=\"wpforms[fields][4]\" aria-errormessage=\"wpforms-317-field_4-error\" required><\/div><div id=\"wpforms-317-field_3-container\" class=\"wpforms-field wpforms-field-textarea\" data-field-id=\"3\"><label class=\"wpforms-field-label\" for=\"wpforms-317-field_3\">Message <span class=\"wpforms-required-label\" aria-hidden=\"true\">*<\/span><\/label><textarea id=\"wpforms-317-field_3\" class=\"wpforms-field-medium wpforms-field-required\" name=\"wpforms[fields][3]\" aria-errormessage=\"wpforms-317-field_3-error\" required><\/textarea><\/div><script>\n\t\t\t\t( function() {\n\t\t\t\t\tconst style = document.createElement( 'style' );\n\t\t\t\t\tstyle.appendChild( document.createTextNode( '#wpforms-317-field_5-container { position: absolute !important; overflow: hidden !important; display: inline !important; height: 1px !important; width: 1px !important; z-index: -1000 !important; padding: 0 !important; } #wpforms-317-field_5-container input { visibility: hidden; } #wpforms-conversational-form-page #wpforms-317-field_5-container label { counter-increment: none; }' ) );\n\t\t\t\t\tdocument.head.appendChild( style );\n\t\t\t\t\tdocument.currentScript?.remove();\n\t\t\t\t} )();\n\t\t\t<\/script><\/div><!-- .wpforms-field-container --><div class=\"wpforms-submit-container\" ><input type=\"hidden\" name=\"wpforms[id]\" value=\"317\"><input type=\"hidden\" name=\"page_title\" value=\"\"><input type=\"hidden\" name=\"page_url\" value=\"https:\/\/yunadesign.fr\/index.php?rest_route=\/wp\/v2\/pages\/339\"><input type=\"hidden\" name=\"url_referer\" value=\"\"><button type=\"submit\" name=\"wpforms[submit]\" id=\"wpforms-submit-317\" class=\"wpforms-submit\" data-alt-text=\"Envoi...\" data-submit-text=\"Envoyer\" aria-live=\"assertive\" value=\"wpforms-submit\">Envoyer<\/button><img loading=\"lazy\" decoding=\"async\" src=\"https:\/\/yunadesign.fr\/wp-content\/plugins\/wpforms-lite\/assets\/images\/submit-spin.svg\" class=\"wpforms-submit-spinner\" style=\"display: none;\" width=\"26\" height=\"26\" alt=\"Loading\"><\/div><\/form><\/div>  <!-- .wpforms-container --><\/div><\/div>\n","protected":false},"excerpt":{"rendered":"<p>\u25cf Site vitrine \u25cf Site e-commerce \u25cf Webdesign sur mesure \u25cf Refonte de site \u25cf UX\/UI Design \u25cf Maintenance et optimisation Un site web est bien plus qu&#8217;une pr\u00e9sence en ligne : c&#8217;est une vitrine strat\u00e9gique qui refl\u00e8te votre image, vos valeurs et votre professionnalisme.Con\u00e7u avec soin, il renforce votre cr\u00e9dibilit\u00e9, am\u00e9liore votre visibilit\u00e9 et &hellip; <\/p>\n<p class=\"link-more\"><a href=\"https:\/\/yunadesign.fr\/?page_id=339\" class=\"more-link\">Read more<span class=\"screen-reader-text\"> &#8220;CREATION DE SITE WEB&#8221;<\/span><\/a><\/p>\n","protected":false},"author":1,"featured_media":351,"parent":0,"menu_order":0,"comment_status":"closed","ping_status":"closed","template":"","meta":{"footnotes":""},"class_list":["post-339","page","type-page","status-publish","has-post-thumbnail","hentry"],"featured_media_urls":{"thumbnail":["https:\/\/yunadesign.fr\/wp-content\/uploads\/2025\/10\/ChatGPT-Image-15-oct.-2025-18_53_40-1-150x150.png",150,150,true],"medium":["https:\/\/yunadesign.fr\/wp-content\/uploads\/2025\/10\/ChatGPT-Image-15-oct.-2025-18_53_40-1-300x200.png",300,200,true],"medium_large":["https:\/\/yunadesign.fr\/wp-content\/uploads\/2025\/10\/ChatGPT-Image-15-oct.-2025-18_53_40-1.png",768,512,false],"large":["https:\/\/yunadesign.fr\/wp-content\/uploads\/2025\/10\/ChatGPT-Image-15-oct.-2025-18_53_40-1-1024x683.png",950,634,true],"1536x1536":["https:\/\/yunadesign.fr\/wp-content\/uploads\/2025\/10\/ChatGPT-Image-15-oct.-2025-18_53_40-1.png",1536,1024,false],"2048x2048":["https:\/\/yunadesign.fr\/wp-content\/uploads\/2025\/10\/ChatGPT-Image-15-oct.-2025-18_53_40-1.png",1536,1024,false],"inspiro-featured-image":["https:\/\/yunadesign.fr\/wp-content\/uploads\/2025\/10\/ChatGPT-Image-15-oct.-2025-18_53_40-1.png",1536,1024,false],"inspiro-loop":["https:\/\/yunadesign.fr\/wp-content\/uploads\/2025\/10\/ChatGPT-Image-15-oct.-2025-18_53_40-1-950x320.png",950,320,true],"inspiro-loop@2x":["https:\/\/yunadesign.fr\/wp-content\/uploads\/2025\/10\/ChatGPT-Image-15-oct.-2025-18_53_40-1-1536x640.png",1536,640,true],"portfolio_item-thumbnail":["https:\/\/yunadesign.fr\/wp-content\/uploads\/2025\/10\/ChatGPT-Image-15-oct.-2025-18_53_40-1-600x400.png",600,400,true],"portfolio_item-thumbnail@2x":["https:\/\/yunadesign.fr\/wp-content\/uploads\/2025\/10\/ChatGPT-Image-15-oct.-2025-18_53_40-1-1200x800.png",1200,800,true],"portfolio_item-masonry":["https:\/\/yunadesign.fr\/wp-content\/uploads\/2025\/10\/ChatGPT-Image-15-oct.-2025-18_53_40-1-600x400.png",600,400,true],"portfolio_item-masonry@2x":["https:\/\/yunadesign.fr\/wp-content\/uploads\/2025\/10\/ChatGPT-Image-15-oct.-2025-18_53_40-1-1200x800.png",1200,800,true],"portfolio_item-thumbnail_cinema":["https:\/\/yunadesign.fr\/wp-content\/uploads\/2025\/10\/ChatGPT-Image-15-oct.-2025-18_53_40-1-800x335.png",800,335,true],"portfolio_item-thumbnail_portrait":["https:\/\/yunadesign.fr\/wp-content\/uploads\/2025\/10\/ChatGPT-Image-15-oct.-2025-18_53_40-1-600x900.png",600,900,true],"portfolio_item-thumbnail_portrait@2x":["https:\/\/yunadesign.fr\/wp-content\/uploads\/2025\/10\/ChatGPT-Image-15-oct.-2025-18_53_40-1-1200x1024.png",1200,1024,true],"portfolio_item-thumbnail_square":["https:\/\/yunadesign.fr\/wp-content\/uploads\/2025\/10\/ChatGPT-Image-15-oct.-2025-18_53_40-1-800x800.png",800,800,true]},"_links":{"self":[{"href":"https:\/\/yunadesign.fr\/index.php?rest_route=\/wp\/v2\/pages\/339","targetHints":{"allow":["GET"]}}],"collection":[{"href":"https:\/\/yunadesign.fr\/index.php?rest_route=\/wp\/v2\/pages"}],"about":[{"href":"https:\/\/yunadesign.fr\/index.php?rest_route=\/wp\/v2\/types\/page"}],"author":[{"embeddable":true,"href":"https:\/\/yunadesign.fr\/index.php?rest_route=\/wp\/v2\/users\/1"}],"replies":[{"embeddable":true,"href":"https:\/\/yunadesign.fr\/index.php?rest_route=%2Fwp%2Fv2%2Fcomments&post=339"}],"version-history":[{"count":23,"href":"https:\/\/yunadesign.fr\/index.php?rest_route=\/wp\/v2\/pages\/339\/revisions"}],"predecessor-version":[{"id":480,"href":"https:\/\/yunadesign.fr\/index.php?rest_route=\/wp\/v2\/pages\/339\/revisions\/480"}],"wp:featuredmedia":[{"embeddable":true,"href":"https:\/\/yunadesign.fr\/index.php?rest_route=\/wp\/v2\/media\/351"}],"wp:attachment":[{"href":"https:\/\/yunadesign.fr\/index.php?rest_route=%2Fwp%2Fv2%2Fmedia&parent=339"}],"curies":[{"name":"wp","href":"https:\/\/api.w.org\/{rel}","templated":true}]}}