{"id":38,"date":"2025-09-30T18:04:03","date_gmt":"2025-09-30T18:04:03","guid":{"rendered":"https:\/\/yunadesign.fr\/?page_id=38"},"modified":"2025-10-15T15:41:25","modified_gmt":"2025-10-15T15:41:25","slug":"about","status":"publish","type":"page","link":"https:\/\/yunadesign.fr\/?page_id=38","title":{"rendered":"IDENTITE VISUELLE"},"content":{"rendered":"\n<p class=\"has-text-align-center has-tertiary-color has-text-color has-link-color wp-elements-84bd01cb689370e810ea2536f839322c\">\u25cf Logo \u25cf Charte graphique \u25cf Univers visuel \u25cf Supports de communication <strong>\u25cf<\/strong> Packaging \u25cf Contenus digitaux \u25cf<\/p>\n\n\n\n<h2 class=\"wp-block-heading has-text-align-center has-text-color has-link-color wp-elements-df7092a4823b8849ab8ebe4f27a208d5\" style=\"color:#bb93e2;font-size:clamp(14.642px, 0.915rem + ((1vw - 3.2px) * 0.694), 22px);font-style:normal;font-weight:900\">TOUT COMMENCE ICI<\/h2>\n\n\n\n<p class=\"has-text-align-center\">Une identit\u00e9 visuelle solide, c&#8217;est bien plus qu&#8217;un simple logo. C&#8217;est la base de votre image de marque, celle qui traduit vos valeurs, votre positionnement et votre personnalit\u00e9. Elle vous diff\u00e9rencie, instaure la confiance et cr\u00e9e la coh\u00e9rence entre tous vos supports : de votre site web \u00e0 vos outils print et digitaux.<\/p>\n\n\n\n<p class=\"has-text-align-center\">Chez <strong>YUNA DESIGN<\/strong>, nous pensons qu&#8217;une identit\u00e9 r\u00e9ussie doit \u00eatre \u00e0 la fois strat\u00e9gique et \u00e9motionnelle. Nous analysons votre activit\u00e9, vos objectifs et votre public pour concevoir un univers visuel clair, coh\u00e9rent et align\u00e9 avec votre vision. <br>Chaque \u00e9l\u00e9ment est pens\u00e9 pour renforcer votre impact, soutenir votre discours et assurer la reconnaissance imm\u00e9diate de votre marque. <\/p>\n\n\n\n<p class=\"has-text-align-center\">Notre accompagnement repose sur une approche humaine et collaborative : <strong>comprendre avant de cr\u00e9er, \u00e9changer avant de concevoir<\/strong>.<\/p>\n\n\n\n<div style=\"height:8px\" aria-hidden=\"true\" class=\"wp-block-spacer\"><\/div>\n\n\n\n<p class=\"has-text-align-center\" style=\"font-size:clamp(15.747px, 0.984rem + ((1vw - 3.2px) * 0.779), 24px);font-style:normal;font-weight:800\"><strong> Parce qu&#8217;une identit\u00e9 forte ne se d\u00e9cr\u00e8te pas, elle se construit &#8211; ensemble.<\/strong><\/p>\n\n\n\n<div style=\"height:66px\" aria-hidden=\"true\" class=\"wp-block-spacer\"><\/div>\n\n\n\n<div class=\"wp-block-columns alignwide is-layout-flex wp-container-core-columns-is-layout-28f84493 wp-block-columns-is-layout-flex\">\n<div class=\"wp-block-column animated fadeIn is-layout-flow wp-block-column-is-layout-flow\">\n<figure class=\"wp-block-image size-large wp-duotone-unset-1\"><img loading=\"lazy\" decoding=\"async\" width=\"1024\" height=\"768\" src=\"https:\/\/yunadesign.fr\/wp-content\/uploads\/2025\/10\/FLYERS-1024x768.png\" alt=\"\" class=\"wp-image-251\" style=\"aspect-ratio:3\/2;object-fit:cover\" srcset=\"https:\/\/yunadesign.fr\/wp-content\/uploads\/2025\/10\/FLYERS-1024x768.png 1024w, https:\/\/yunadesign.fr\/wp-content\/uploads\/2025\/10\/FLYERS-300x225.png 300w, https:\/\/yunadesign.fr\/wp-content\/uploads\/2025\/10\/FLYERS-2000x1500.png 2000w\" sizes=\"auto, (max-width: 1024px) 100vw, 1024px\" \/><\/figure>\n\n\n\n<p class=\"has-black-color has-text-color has-medium-font-size\">Design Graphique<\/p>\n\n\n\n<p class=\"has-text-color\" style=\"color:#7a7a7a\">Cr\u00e9ation d&#8217;affiches et flyers &#8211; Supports imprim\u00e9s (brochures, d\u00e9pliants, cartes de visites, catalogues&#8230;) &#8211; Visuels RS &#8211; Signal\u00e9tique et PLV &#8211; Marquage de v\u00e9hicule &#8211; Supports \u00e9v\u00e9nementiels &#8211; Objets promotionnels et goodies &#8211; Pr\u00e9sentation professionnelles et documents internes.<\/p>\n<\/div>\n\n\n\n<div class=\"wp-block-column animated fadeIn delay-500ms is-layout-flow wp-block-column-is-layout-flow\">\n<figure class=\"wp-block-image size-large\"><img loading=\"lazy\" decoding=\"async\" width=\"1024\" height=\"768\" src=\"https:\/\/yunadesign.fr\/wp-content\/uploads\/2025\/10\/CATALOGUE_3-1024x768.webp\" alt=\"\" class=\"wp-image-261\" style=\"aspect-ratio:3\/2;object-fit:cover\" srcset=\"https:\/\/yunadesign.fr\/wp-content\/uploads\/2025\/10\/CATALOGUE_3-1024x768.webp 1024w, https:\/\/yunadesign.fr\/wp-content\/uploads\/2025\/10\/CATALOGUE_3-300x225.webp 300w, https:\/\/yunadesign.fr\/wp-content\/uploads\/2025\/10\/CATALOGUE_3-2000x1501.webp 2000w, https:\/\/yunadesign.fr\/wp-content\/uploads\/2025\/10\/CATALOGUE_3-scaled-1536x1153.webp 1536w, https:\/\/yunadesign.fr\/wp-content\/uploads\/2025\/10\/CATALOGUE_3-scaled-2048x1537.webp 2048w, https:\/\/yunadesign.fr\/wp-content\/uploads\/2025\/10\/CATALOGUE_3-scaled-600x450.webp 600w, https:\/\/yunadesign.fr\/wp-content\/uploads\/2025\/10\/CATALOGUE_3-scaled-1200x900.webp 1200w\" sizes=\"auto, (max-width: 1024px) 100vw, 1024px\" \/><\/figure>\n\n\n\n<p class=\"has-black-color has-text-color has-medium-font-size\">Edition<\/p>\n\n\n\n<p class=\"has-text-color\" style=\"color:#7a7a7a\">Magazine et journaux internes &#8211; Rapports annuels et documents institutionnels &#8211; Livres, dossiers et plaquettes de pr\u00e9sentation &#8211; Guide, manuels de formation &#8211; Mise en page digitale (PDF interactifs, e-books, pr\u00e9sentations).<\/p>\n<\/div>\n\n\n\n<div class=\"wp-block-column animated fadeIn delay-1s is-layout-flow wp-block-column-is-layout-flow\">\n<figure class=\"wp-block-image size-large\"><img loading=\"lazy\" decoding=\"async\" width=\"1024\" height=\"683\" src=\"https:\/\/yunadesign.fr\/wp-content\/uploads\/2025\/10\/ChatGPT-Image-14-oct.-2025-16_44_30-1024x683.png\" alt=\"\" class=\"wp-image-281\" srcset=\"https:\/\/yunadesign.fr\/wp-content\/uploads\/2025\/10\/ChatGPT-Image-14-oct.-2025-16_44_30-1024x683.png 1024w, https:\/\/yunadesign.fr\/wp-content\/uploads\/2025\/10\/ChatGPT-Image-14-oct.-2025-16_44_30-300x200.png 300w, https:\/\/yunadesign.fr\/wp-content\/uploads\/2025\/10\/ChatGPT-Image-14-oct.-2025-16_44_30.png 1536w\" sizes=\"auto, (max-width: 1024px) 100vw, 1024px\" \/><\/figure>\n\n\n\n<p class=\"has-black-color has-text-color has-medium-font-size\">Logo<\/p>\n\n\n\n<p class=\"has-text-color\" style=\"color:#7a7a7a\">Cr\u00e9ation de logo sur-mesure &#8211; Refonte d&#8217;identit\u00e9 &#8211; D\u00e9clinaisons multi-supports &#8211; Version responsive &#8211; Monogrammes et logotypes typographiques &#8211; Cr\u00e9ations de pictogrammes &#8211; Mini charte logo &#8211; Accompagnement strat\u00e9gique sur le positionnement visuel.<\/p>\n<\/div>\n\n\n\n<div class=\"wp-block-column animated fadeIn o-anim-custom-delay undefined o-anim-value-delay-1.5s is-layout-flow wp-block-column-is-layout-flow\">\n<figure class=\"wp-block-image size-full\"><img loading=\"lazy\" decoding=\"async\" width=\"1024\" height=\"1024\" src=\"https:\/\/yunadesign.fr\/wp-content\/uploads\/2025\/10\/ChatGPT-Image-14-oct.-2025-17_41_56.png\" alt=\"\" class=\"wp-image-283\" style=\"aspect-ratio:3\/2;object-fit:cover\" srcset=\"https:\/\/yunadesign.fr\/wp-content\/uploads\/2025\/10\/ChatGPT-Image-14-oct.-2025-17_41_56.png 1024w, https:\/\/yunadesign.fr\/wp-content\/uploads\/2025\/10\/ChatGPT-Image-14-oct.-2025-17_41_56-300x300.png 300w, https:\/\/yunadesign.fr\/wp-content\/uploads\/2025\/10\/ChatGPT-Image-14-oct.-2025-17_41_56-150x150.png 150w\" sizes=\"auto, (max-width: 1024px) 100vw, 1024px\" \/><\/figure>\n\n\n\n<p class=\"has-black-color has-text-color has-medium-font-size\">Packaging<\/p>\n\n\n\n<p class=\"has-text-color\" style=\"color:#7a7a7a\">Design packaging produit &#8211; Cr\u00e9ation d&#8217;\u00e9tiquettes et habillage &#8211; Conception de gammes coh\u00e9rentes &#8211; Packaging \u00e9co-responsables &#8211; Maquettes et prototypes 3D &#8211; Adaptations multi-formats &#8211; Cr\u00e9ation de supports PLV associ\u00e9s &#8211; Conseils techniques et suivi d&#8217;impression.<\/p>\n<\/div>\n<\/div>\n\n\n\n<div style=\"height:70px\" aria-hidden=\"true\" class=\"wp-block-spacer\"><\/div>\n\n\n\n<div class=\"wp-block-cover alignfull is-light\" style=\"padding-top:50px;padding-right:50px;padding-bottom:50px;padding-left:50px;min-height:316px;aspect-ratio:unset;\"><video class=\"wp-block-cover__video-background intrinsic-ignore\" autoplay muted loop playsinline src=\"https:\/\/yunadesign.fr\/wp-content\/uploads\/2025\/09\/AdobeStock_1554478842.mov\" data-object-fit=\"cover\"><\/video><span aria-hidden=\"true\" class=\"wp-block-cover__background has-black-background-color has-background-dim\"><\/span><div class=\"wp-block-cover__inner-container is-layout-flow wp-block-cover-is-layout-flow\">\n<h2 class=\"wp-block-heading has-text-align-center has-text-color has-link-color wp-elements-a25bf590983c340b223ef9f46c27ced6\" style=\"color:#bb93e2;font-size:clamp(14.642px, 0.915rem + ((1vw - 3.2px) * 0.694), 22px);font-style:normal;font-weight:900\">VOUS SOUHAITEZ ECHANGER SUR UN PROJET ?<\/h2>\n\n\n\n<p class=\"has-text-align-center has-white-color has-text-color has-link-color wp-elements-b3522e3c2428cefb785cf43842735b75\" style=\"font-size:clamp(14px, 0.875rem + ((1vw - 3.2px) * 0.377), 18px);font-style:normal;font-weight:500\">Nous sommes \u00e0 votre \u00e9coute pour comprendre vos besoins, partager vos id\u00e9es et construire ensemble<br>une communication qui vous ressemble.<\/p>\n\n\n\n<div style=\"height:2px\" aria-hidden=\"true\" class=\"wp-block-spacer\"><\/div>\n\n\n<style id=\"wpforms-css-vars-317-block-becce844-bc6b-41c7-b31a-3aec2071f538\">\n\t\t\t\t#wpforms-317.wpforms-block-becce844-bc6b-41c7-b31a-3aec2071f538 {\n\t\t\t\t--wpforms-label-color: #ffffff;\n--wpforms-label-sublabel-color: #ffffff;\n--wpforms-field-border-color: rgba(0, 0, 0, 0.25);\n--wpforms-field-border-color-spare: rgba(0, 0, 0, 0.25);\n--wpforms-field-text-color: #000000;\n--wpforms-button-border-style: solid;\n--wpforms-button-background-color: #ffffff;\n--wpforms-button-text-color: #f9fafd;\n--wpforms-button-border-color: #ffffff;\n--wpforms-button-background-color-alt: #ffffff00;\n--wpforms-field-size-input-height: 43px;\n--wpforms-field-size-input-spacing: 15px;\n--wpforms-field-size-font-size: 16px;\n--wpforms-field-size-line-height: 19px;\n--wpforms-field-size-padding-h: 14px;\n--wpforms-field-size-checkbox-size: 16px;\n--wpforms-field-size-sublabel-spacing: 5px;\n--wpforms-field-size-icon-size: 1;\n--wpforms-label-size-font-size: 16px;\n--wpforms-label-size-line-height: 19px;\n--wpforms-label-size-sublabel-font-size: 14px;\n--wpforms-label-size-sublabel-line-height: 17px;\n--wpforms-button-size-font-size: 17px;\n--wpforms-button-size-height: 41px;\n--wpforms-button-size-padding-h: 15px;\n--wpforms-button-size-margin-top: 10px;\n\t\t\t}\n\t\t\t<\/style><div class=\"wpforms-container wpforms-container-full wpforms-block wpforms-block-becce844-bc6b-41c7-b31a-3aec2071f538 wpforms-render-modern\" id=\"wpforms-317\"><form id=\"wpforms-form-317\" class=\"wpforms-validate wpforms-form wpforms-ajax-form\" data-formid=\"317\" method=\"post\" enctype=\"multipart\/form-data\" action=\"\/index.php?rest_route=%2Fwp%2Fv2%2Fpages%2F38\" data-token=\"e244795f6f4d6a11de166db77bcdf084\" data-token-time=\"1776034168\"><noscript class=\"wpforms-error-noscript\">Please enable JavaScript in your browser to complete this form.<\/noscript><div id=\"wpforms-error-noscript\" style=\"display: none;\">Please enable JavaScript in your browser to complete this form.<\/div><div class=\"wpforms-field-container\"><div id=\"wpforms-317-field_1-container\" class=\"wpforms-field wpforms-field-name\" data-field-id=\"1\"><fieldset><legend class=\"wpforms-field-label\">Nom <span class=\"wpforms-required-label\" aria-hidden=\"true\">*<\/span><\/legend><div class=\"wpforms-field-row wpforms-field-medium\"><div class=\"wpforms-field-row-block wpforms-first wpforms-one-half\"><input type=\"text\" id=\"wpforms-317-field_1\" class=\"wpforms-field-name-first wpforms-field-required\" name=\"wpforms[fields][1][first]\" aria-errormessage=\"wpforms-317-field_1-error\" required><label for=\"wpforms-317-field_1\" class=\"wpforms-field-sublabel after\">First<\/label><\/div><div class=\"wpforms-field-row-block wpforms-one-half\"><input type=\"text\" id=\"wpforms-317-field_1-last\" class=\"wpforms-field-name-last wpforms-field-required\" name=\"wpforms[fields][1][last]\" aria-errormessage=\"wpforms-317-field_1-last-error\" required><label for=\"wpforms-317-field_1-last\" class=\"wpforms-field-sublabel after\">Last<\/label><\/div><\/div><\/fieldset><\/div><div id=\"wpforms-317-field_2-container\" class=\"wpforms-field wpforms-field-email\" data-field-id=\"2\"><label class=\"wpforms-field-label\" for=\"wpforms-317-field_2\">E-mail <span class=\"wpforms-required-label\" aria-hidden=\"true\">*<\/span><\/label><input type=\"email\" id=\"wpforms-317-field_2\" class=\"wpforms-field-medium wpforms-field-required\" name=\"wpforms[fields][2]\" spellcheck=\"false\" aria-errormessage=\"wpforms-317-field_2-error\" required><\/div><div id=\"wpforms-317-field_4-container\" class=\"wpforms-field wpforms-field-text\" data-field-id=\"4\"><label class=\"wpforms-field-label\" for=\"wpforms-317-field_4\">Objet <span class=\"wpforms-required-label\" aria-hidden=\"true\">*<\/span><\/label><input type=\"text\" id=\"wpforms-317-field_4\" class=\"wpforms-field-medium wpforms-field-required\" name=\"wpforms[fields][4]\" aria-errormessage=\"wpforms-317-field_4-error\" required><\/div>\t\t<div id=\"wpforms-317-field_5-container\"\n\t\t\tclass=\"wpforms-field wpforms-field-text\"\n\t\t\tdata-field-type=\"text\"\n\t\t\tdata-field-id=\"5\"\n\t\t\t>\n\t\t\t<label class=\"wpforms-field-label\" for=\"wpforms-317-field_5\" >E-mail Nom Objet<\/label>\n\t\t\t<input type=\"text\" id=\"wpforms-317-field_5\" class=\"wpforms-field-medium\" name=\"wpforms[fields][5]\" >\n\t\t<\/div>\n\t\t<div id=\"wpforms-317-field_3-container\" class=\"wpforms-field wpforms-field-textarea\" data-field-id=\"3\"><label class=\"wpforms-field-label\" for=\"wpforms-317-field_3\">Message <span class=\"wpforms-required-label\" aria-hidden=\"true\">*<\/span><\/label><textarea id=\"wpforms-317-field_3\" class=\"wpforms-field-medium wpforms-field-required\" name=\"wpforms[fields][3]\" aria-errormessage=\"wpforms-317-field_3-error\" required><\/textarea><\/div><script>\n\t\t\t\t( function() {\n\t\t\t\t\tconst style = document.createElement( 'style' );\n\t\t\t\t\tstyle.appendChild( document.createTextNode( '#wpforms-317-field_5-container { position: absolute !important; overflow: hidden !important; display: inline !important; height: 1px !important; width: 1px !important; z-index: -1000 !important; padding: 0 !important; } #wpforms-317-field_5-container input { visibility: hidden; } #wpforms-conversational-form-page #wpforms-317-field_5-container label { counter-increment: none; }' ) );\n\t\t\t\t\tdocument.head.appendChild( style );\n\t\t\t\t\tdocument.currentScript?.remove();\n\t\t\t\t} )();\n\t\t\t<\/script><\/div><!-- .wpforms-field-container --><div class=\"wpforms-submit-container\" ><input type=\"hidden\" name=\"wpforms[id]\" value=\"317\"><input type=\"hidden\" name=\"page_title\" value=\"\"><input type=\"hidden\" name=\"page_url\" value=\"https:\/\/yunadesign.fr\/index.php?rest_route=\/wp\/v2\/pages\/38\"><input type=\"hidden\" name=\"url_referer\" value=\"\"><button type=\"submit\" name=\"wpforms[submit]\" id=\"wpforms-submit-317\" class=\"wpforms-submit\" data-alt-text=\"Envoi...\" data-submit-text=\"Envoyer\" aria-live=\"assertive\" value=\"wpforms-submit\">Envoyer<\/button><img loading=\"lazy\" decoding=\"async\" src=\"https:\/\/yunadesign.fr\/wp-content\/plugins\/wpforms-lite\/assets\/images\/submit-spin.svg\" class=\"wpforms-submit-spinner\" style=\"display: none;\" width=\"26\" height=\"26\" alt=\"Loading\"><\/div><\/form><\/div>  <!-- .wpforms-container --><\/div><\/div>\n","protected":false},"excerpt":{"rendered":"<p>\u25cf Logo \u25cf Charte graphique \u25cf Univers visuel \u25cf Supports de communication \u25cf Packaging \u25cf Contenus digitaux \u25cf TOUT COMMENCE ICI Une identit\u00e9 visuelle solide, c&#8217;est bien plus qu&#8217;un simple logo. C&#8217;est la base de votre image de marque, celle qui traduit vos valeurs, votre positionnement et votre personnalit\u00e9. Elle vous diff\u00e9rencie, instaure la confiance &hellip; <\/p>\n<p class=\"link-more\"><a href=\"https:\/\/yunadesign.fr\/?page_id=38\" class=\"more-link\">Read more<span class=\"screen-reader-text\"> &#8220;IDENTITE VISUELLE&#8221;<\/span><\/a><\/p>\n","protected":false},"author":1,"featured_media":239,"parent":0,"menu_order":0,"comment_status":"closed","ping_status":"closed","template":"","meta":{"footnotes":""},"class_list":["post-38","page","type-page","status-publish","has-post-thumbnail","hentry"],"featured_media_urls":{"thumbnail":["https:\/\/yunadesign.fr\/wp-content\/uploads\/2025\/10\/PAGE_IDVISUELLE-150x150.png",150,150,true],"medium":["https:\/\/yunadesign.fr\/wp-content\/uploads\/2025\/10\/PAGE_IDVISUELLE-300x200.png",300,200,true],"medium_large":["https:\/\/yunadesign.fr\/wp-content\/uploads\/2025\/10\/PAGE_IDVISUELLE.png",768,512,false],"large":["https:\/\/yunadesign.fr\/wp-content\/uploads\/2025\/10\/PAGE_IDVISUELLE-1024x683.png",950,634,true],"1536x1536":["https:\/\/yunadesign.fr\/wp-content\/uploads\/2025\/10\/PAGE_IDVISUELLE.png",1536,1024,false],"2048x2048":["https:\/\/yunadesign.fr\/wp-content\/uploads\/2025\/10\/PAGE_IDVISUELLE.png",1536,1024,false],"inspiro-featured-image":["https:\/\/yunadesign.fr\/wp-content\/uploads\/2025\/10\/PAGE_IDVISUELLE.png",1536,1024,false],"inspiro-loop":["https:\/\/yunadesign.fr\/wp-content\/uploads\/2025\/10\/PAGE_IDVISUELLE-950x320.png",950,320,true],"inspiro-loop@2x":["https:\/\/yunadesign.fr\/wp-content\/uploads\/2025\/10\/PAGE_IDVISUELLE-1536x640.png",1536,640,true],"portfolio_item-thumbnail":["https:\/\/yunadesign.fr\/wp-content\/uploads\/2025\/10\/PAGE_IDVISUELLE-600x400.png",600,400,true],"portfolio_item-thumbnail@2x":["https:\/\/yunadesign.fr\/wp-content\/uploads\/2025\/10\/PAGE_IDVISUELLE-1200x800.png",1200,800,true],"portfolio_item-masonry":["https:\/\/yunadesign.fr\/wp-content\/uploads\/2025\/10\/PAGE_IDVISUELLE-600x400.png",600,400,true],"portfolio_item-masonry@2x":["https:\/\/yunadesign.fr\/wp-content\/uploads\/2025\/10\/PAGE_IDVISUELLE-1200x800.png",1200,800,true],"portfolio_item-thumbnail_cinema":["https:\/\/yunadesign.fr\/wp-content\/uploads\/2025\/10\/PAGE_IDVISUELLE-800x335.png",800,335,true],"portfolio_item-thumbnail_portrait":["https:\/\/yunadesign.fr\/wp-content\/uploads\/2025\/10\/PAGE_IDVISUELLE-600x900.png",600,900,true],"portfolio_item-thumbnail_portrait@2x":["https:\/\/yunadesign.fr\/wp-content\/uploads\/2025\/10\/PAGE_IDVISUELLE-1200x1024.png",1200,1024,true],"portfolio_item-thumbnail_square":["https:\/\/yunadesign.fr\/wp-content\/uploads\/2025\/10\/PAGE_IDVISUELLE-800x800.png",800,800,true]},"_links":{"self":[{"href":"https:\/\/yunadesign.fr\/index.php?rest_route=\/wp\/v2\/pages\/38","targetHints":{"allow":["GET"]}}],"collection":[{"href":"https:\/\/yunadesign.fr\/index.php?rest_route=\/wp\/v2\/pages"}],"about":[{"href":"https:\/\/yunadesign.fr\/index.php?rest_route=\/wp\/v2\/types\/page"}],"author":[{"embeddable":true,"href":"https:\/\/yunadesign.fr\/index.php?rest_route=\/wp\/v2\/users\/1"}],"replies":[{"embeddable":true,"href":"https:\/\/yunadesign.fr\/index.php?rest_route=%2Fwp%2Fv2%2Fcomments&post=38"}],"version-history":[{"count":55,"href":"https:\/\/yunadesign.fr\/index.php?rest_route=\/wp\/v2\/pages\/38\/revisions"}],"predecessor-version":[{"id":337,"href":"https:\/\/yunadesign.fr\/index.php?rest_route=\/wp\/v2\/pages\/38\/revisions\/337"}],"wp:featuredmedia":[{"embeddable":true,"href":"https:\/\/yunadesign.fr\/index.php?rest_route=\/wp\/v2\/media\/239"}],"wp:attachment":[{"href":"https:\/\/yunadesign.fr\/index.php?rest_route=%2Fwp%2Fv2%2Fmedia&parent=38"}],"curies":[{"name":"wp","href":"https:\/\/api.w.org\/{rel}","templated":true}]}}